{"id":68,"date":"2020-11-25T18:15:19","date_gmt":"2020-11-25T17:15:19","guid":{"rendered":"http:\/\/laetitialeroy.com\/?page_id=68"},"modified":"2022-01-25T12:30:32","modified_gmt":"2022-01-25T11:30:32","slug":"tarifs","status":"publish","type":"page","link":"https:\/\/www.laetitialeroy.com\/index.php\/tarifs\/","title":{"rendered":"Tarifs"},"content":{"rendered":"\n<h2 class=\"wp-block-heading\"><\/h2>\n\n\n\n<h2 class=\"has-text-align-center wp-block-heading\"><span class=\"has-inline-color has-vivid-cyan-blue-color\">Soin du f\u00e9minin sacr\u00e9<\/span><\/h2>\n\n\n\n<figure class=\"wp-block-gallery aligncenter columns-3 is-cropped wp-block-gallery-1 is-layout-flex wp-block-gallery-is-layout-flex\"><ul class=\"blocks-gallery-grid\"><li class=\"blocks-gallery-item\"><figure><img loading=\"lazy\" decoding=\"async\" width=\"960\" height=\"638\" src=\"https:\/\/i0.wp.com\/laetitialeroy.com\/wp-content\/uploads\/2021\/02\/FAB_0163-1024x681.jpg?resize=960%2C638\" alt=\"\" data-id=\"136\" data-full-url=\"http:\/\/laetitialeroy.com\/wp-content\/uploads\/2021\/02\/FAB_0163.jpg\" data-link=\"http:\/\/laetitialeroy.com\/index.php\/feminins-sacres\/fab_0163\/\" class=\"wp-image-136\" srcset=\"https:\/\/i1.wp.com\/www.laetitialeroy.com\/wp-content\/uploads\/2021\/02\/FAB_0163.jpg?resize=1024%2C681&amp;ssl=1 1024w, https:\/\/i1.wp.com\/www.laetitialeroy.com\/wp-content\/uploads\/2021\/02\/FAB_0163.jpg?resize=300%2C200&amp;ssl=1 300w, https:\/\/i1.wp.com\/www.laetitialeroy.com\/wp-content\/uploads\/2021\/02\/FAB_0163.jpg?resize=768%2C511&amp;ssl=1 768w, https:\/\/i1.wp.com\/www.laetitialeroy.com\/wp-content\/uploads\/2021\/02\/FAB_0163.jpg?w=1087&amp;ssl=1 1087w\" sizes=\"(max-width: 960px) 100vw, 960px\" data-recalc-dims=\"1\" \/><\/figure><\/li><li class=\"blocks-gallery-item\"><figure><img loading=\"lazy\" decoding=\"async\" width=\"960\" height=\"638\" src=\"https:\/\/i2.wp.com\/laetitialeroy.com\/wp-content\/uploads\/2021\/02\/FAB_0209-2-1024x681.jpg?resize=960%2C638\" alt=\"\" data-id=\"148\" data-full-url=\"http:\/\/laetitialeroy.com\/wp-content\/uploads\/2021\/02\/FAB_0209-2.jpg\" data-link=\"http:\/\/laetitialeroy.com\/index.php\/soins-de-luterus-et-de-lame\/fab_0209-2\/\" class=\"wp-image-148\" srcset=\"https:\/\/i2.wp.com\/www.laetitialeroy.com\/wp-content\/uploads\/2021\/02\/FAB_0209-2.jpg?resize=1024%2C681&amp;ssl=1 1024w, https:\/\/i2.wp.com\/www.laetitialeroy.com\/wp-content\/uploads\/2021\/02\/FAB_0209-2.jpg?resize=300%2C200&amp;ssl=1 300w, https:\/\/i2.wp.com\/www.laetitialeroy.com\/wp-content\/uploads\/2021\/02\/FAB_0209-2.jpg?resize=768%2C511&amp;ssl=1 768w, https:\/\/i2.wp.com\/www.laetitialeroy.com\/wp-content\/uploads\/2021\/02\/FAB_0209-2.jpg?w=1087&amp;ssl=1 1087w\" sizes=\"(max-width: 960px) 100vw, 960px\" data-recalc-dims=\"1\" \/><\/figure><\/li><li class=\"blocks-gallery-item\"><figure><img loading=\"lazy\" decoding=\"async\" width=\"960\" height=\"720\" src=\"https:\/\/i1.wp.com\/laetitialeroy.com\/wp-content\/uploads\/2020\/12\/IMG_6953-1024x768.jpg?resize=960%2C720\" alt=\"\" data-id=\"122\" data-full-url=\"http:\/\/laetitialeroy.com\/wp-content\/uploads\/2020\/12\/IMG_6953-scaled.jpg\" data-link=\"http:\/\/laetitialeroy.com\/index.php\/cercle-de-femmes\/img_6953\/\" class=\"wp-image-122\" srcset=\"https:\/\/i1.wp.com\/www.laetitialeroy.com\/wp-content\/uploads\/2020\/12\/IMG_6953-scaled.jpg?resize=1024%2C768&amp;ssl=1 1024w, https:\/\/i1.wp.com\/www.laetitialeroy.com\/wp-content\/uploads\/2020\/12\/IMG_6953-scaled.jpg?resize=300%2C225&amp;ssl=1 300w, https:\/\/i1.wp.com\/www.laetitialeroy.com\/wp-content\/uploads\/2020\/12\/IMG_6953-scaled.jpg?resize=768%2C576&amp;ssl=1 768w, https:\/\/i1.wp.com\/www.laetitialeroy.com\/wp-content\/uploads\/2020\/12\/IMG_6953-scaled.jpg?resize=1536%2C1152&amp;ssl=1 1536w, https:\/\/i1.wp.com\/www.laetitialeroy.com\/wp-content\/uploads\/2020\/12\/IMG_6953-scaled.jpg?resize=2048%2C1536&amp;ssl=1 2048w, https:\/\/i1.wp.com\/www.laetitialeroy.com\/wp-content\/uploads\/2020\/12\/IMG_6953-scaled.jpg?resize=1140%2C855&amp;ssl=1 1140w, https:\/\/i1.wp.com\/www.laetitialeroy.com\/wp-content\/uploads\/2020\/12\/IMG_6953-scaled.jpg?w=1920&amp;ssl=1 1920w\" sizes=\"(max-width: 960px) 100vw, 960px\" data-recalc-dims=\"1\" \/><\/figure><\/li><\/ul><\/figure>\n\n\n\n<p>B\u00e9n\u00e9diction de l\u2019ut\u00e9rus + soin de l\u2019ut\u00e9rus : <strong>50\u20ac<\/strong> \/ Dur\u00e9e : 45-60 minutes<br>B\u00e9n\u00e9diction de l\u2019ut\u00e9rus + soin de l\u2019\u00e2me : <strong>60\u20ac<\/strong> \/ Dur\u00e9e : 45\/60 minutes<\/p>\n\n\n\n<p>B\u00e9n\u00e9diction si vous \u00eates 2 personnes : <strong>40\u20ac<\/strong> \/ personne. Dur\u00e9e : 45 minutes<\/p>\n\n\n\n<div class=\"wp-block-buttons is-layout-flex wp-block-buttons-is-layout-flex\">\n<div class=\"wp-block-button\"><a class=\"wp-block-button__link\" href=\"http:\/\/laetitialeroy.com\/index.php\/benediction-de-luterus\/\">Plus d&#8217;infos <\/a><\/div>\n<\/div>\n\n\n\n<p>Soin de l\u2019ut\u00e9rus seul : <strong>30<\/strong>\u20ac \/ Dur\u00e9e : 45 minutes<\/p>\n\n\n\n<p>Soin de l\u2019\u00e2me seul : <strong>40<\/strong>\u20ac \/ Dur\u00e9e : 1h<\/p>\n\n\n\n<div class=\"wp-block-buttons is-layout-flex wp-block-buttons-is-layout-flex\">\n<div class=\"wp-block-button\"><a class=\"wp-block-button__link\" href=\"http:\/\/laetitialeroy.com\/index.php\/soins-de-luterus-et-de-lame\/\">Plus d&#8217;infos <\/a><\/div>\n<\/div>\n\n\n\n<p>Cercle de femmes : 10\u20ac\/ personne<\/p>\n\n\n\n<p>Je pr\u00e9f\u00e8re faire des&nbsp;<strong>petits prix<\/strong>&nbsp;afin que&nbsp;<strong>toutes<\/strong>&nbsp;les femmes puissent y participer et que l\u2019argent ne soient pas un frein.<\/p>\n\n\n\n<div class=\"wp-block-buttons is-layout-flex wp-block-buttons-is-layout-flex\">\n<div class=\"wp-block-button\"><a class=\"wp-block-button__link\" href=\"http:\/\/laetitialeroy.com\/index.php\/cercle-de-femmes\/\">Plus d&#8217;infos <\/a><\/div>\n<\/div>\n\n\n\n<h2 class=\"has-text-align-center wp-block-heading\"><span class=\"has-inline-color has-vivid-cyan-blue-color\">Sophrologie<\/span><\/h2>\n\n\n\n<figure class=\"wp-block-gallery columns-3 is-cropped wp-block-gallery-2 is-layout-flex wp-block-gallery-is-layout-flex\"><ul class=\"blocks-gallery-grid\"><li class=\"blocks-gallery-item\"><figure><img loading=\"lazy\" decoding=\"async\" width=\"702\" height=\"640\" src=\"https:\/\/i1.wp.com\/laetitialeroy.com\/wp-content\/uploads\/2021\/02\/cropped-amie-1.jpg?resize=702%2C640\" alt=\"\" data-id=\"350\" data-full-url=\"https:\/\/i1.wp.com\/laetitialeroy.com\/wp-content\/uploads\/2021\/02\/cropped-amie-1.jpg?resize=702%2C640\" data-link=\"http:\/\/laetitialeroy.com\/cropped-amie-1-jpg\/\" class=\"wp-image-350\" srcset=\"https:\/\/i1.wp.com\/www.laetitialeroy.com\/wp-content\/uploads\/2021\/02\/cropped-amie-1.jpg?w=702&amp;ssl=1 702w, https:\/\/i1.wp.com\/www.laetitialeroy.com\/wp-content\/uploads\/2021\/02\/cropped-amie-1.jpg?resize=300%2C274&amp;ssl=1 300w\" sizes=\"(max-width: 702px) 100vw, 702px\" data-recalc-dims=\"1\" \/><\/figure><\/li><li class=\"blocks-gallery-item\"><figure><img loading=\"lazy\" decoding=\"async\" width=\"722\" height=\"720\" src=\"https:\/\/i0.wp.com\/laetitialeroy.com\/wp-content\/uploads\/2021\/03\/rando-sophro.jpg?resize=722%2C720\" alt=\"\" data-id=\"358\" data-full-url=\"https:\/\/i0.wp.com\/laetitialeroy.com\/wp-content\/uploads\/2021\/03\/rando-sophro.jpg?resize=722%2C720\" data-link=\"http:\/\/laetitialeroy.com\/rando-sophro-3\/\" class=\"wp-image-358\" srcset=\"https:\/\/i0.wp.com\/www.laetitialeroy.com\/wp-content\/uploads\/2021\/03\/rando-sophro.jpg?w=722&amp;ssl=1 722w, https:\/\/i0.wp.com\/www.laetitialeroy.com\/wp-content\/uploads\/2021\/03\/rando-sophro.jpg?resize=300%2C300&amp;ssl=1 300w, https:\/\/i0.wp.com\/www.laetitialeroy.com\/wp-content\/uploads\/2021\/03\/rando-sophro.jpg?resize=150%2C150&amp;ssl=1 150w, https:\/\/i0.wp.com\/www.laetitialeroy.com\/wp-content\/uploads\/2021\/03\/rando-sophro.jpg?resize=75%2C75&amp;ssl=1 75w\" sizes=\"(max-width: 722px) 100vw, 722px\" data-recalc-dims=\"1\" \/><\/figure><\/li><li class=\"blocks-gallery-item\"><figure><img loading=\"lazy\" decoding=\"async\" width=\"960\" height=\"458\" src=\"https:\/\/i2.wp.com\/laetitialeroy.com\/wp-content\/uploads\/2021\/02\/sommeil-1024x489.jpg?resize=960%2C458\" alt=\"\" data-id=\"160\" data-full-url=\"http:\/\/laetitialeroy.com\/wp-content\/uploads\/2021\/02\/sommeil.jpg\" data-link=\"http:\/\/laetitialeroy.com\/index.php\/atelier-sophrologie\/sommeil\/\" class=\"wp-image-160\" srcset=\"https:\/\/i1.wp.com\/www.laetitialeroy.com\/wp-content\/uploads\/2021\/02\/sommeil.jpg?resize=1024%2C489&amp;ssl=1 1024w, https:\/\/i1.wp.com\/www.laetitialeroy.com\/wp-content\/uploads\/2021\/02\/sommeil.jpg?resize=300%2C143&amp;ssl=1 300w, https:\/\/i1.wp.com\/www.laetitialeroy.com\/wp-content\/uploads\/2021\/02\/sommeil.jpg?resize=768%2C367&amp;ssl=1 768w, https:\/\/i1.wp.com\/www.laetitialeroy.com\/wp-content\/uploads\/2021\/02\/sommeil.jpg?resize=1536%2C733&amp;ssl=1 1536w, https:\/\/i1.wp.com\/www.laetitialeroy.com\/wp-content\/uploads\/2021\/02\/sommeil.jpg?resize=1140%2C544&amp;ssl=1 1140w, https:\/\/i1.wp.com\/www.laetitialeroy.com\/wp-content\/uploads\/2021\/02\/sommeil.jpg?w=1900&amp;ssl=1 1900w\" sizes=\"(max-width: 960px) 100vw, 960px\" data-recalc-dims=\"1\" \/><\/figure><\/li><\/ul><\/figure>\n\n\n\n<p>Individuel : <strong>50<\/strong>\u20ac \/ Dur\u00e9e : 1h<br>Tarifs r\u00e9duits pour les personnes en difficult\u00e9s : <strong>40<\/strong>\u20ac<\/p>\n\n\n\n<div class=\"wp-block-buttons is-layout-flex wp-block-buttons-is-layout-flex\">\n<div class=\"wp-block-button\"><a class=\"wp-block-button__link\" href=\"http:\/\/laetitialeroy.com\/index.php\/individuel\/\">Plus d&#8217;infos <\/a><\/div>\n<\/div>\n\n\n\n<p>COLLECTIF<\/p>\n\n\n\n<p>Atelier d\u00e9couverte et atelier \u00e0 th\u00e8me : <strong>15<\/strong>\u20ac\/ personne &#8211; Minimum 8 personnes <\/p>\n\n\n\n<p>Atelier d\u00e9couverte + atelier \u00e0 th\u00e8me : <strong>20<\/strong>\u20ac\/ personne &#8211; Minimum 8 personnes<\/p>\n\n\n\n<div class=\"wp-block-buttons is-layout-flex wp-block-buttons-is-layout-flex\">\n<div class=\"wp-block-button\"><a class=\"wp-block-button__link\" href=\"http:\/\/laetitialeroy.com\/index.php\/atelier-sophrologie\/\">Plus d&#8217;infos <\/a><\/div>\n<\/div>\n\n\n\n<p>Rando Sophro Adulte ou parents\/ enfants : 15\u20ac\/personne<\/p>\n\n\n\n<div class=\"wp-block-buttons is-layout-flex wp-block-buttons-is-layout-flex\">\n<div class=\"wp-block-button\"><a class=\"wp-block-button__link\" href=\"http:\/\/laetitialeroy.com\/index.php\/rando-sophro\/\">Plus d&#8217;infos <\/a><\/div>\n<\/div>\n\n\n\n<h2 class=\"has-text-align-center wp-block-heading\"><span class=\"has-inline-color has-vivid-cyan-blue-color\">Reiki<\/span><\/h2>\n\n\n\n<figure class=\"wp-block-gallery aligncenter columns-3 is-cropped wp-block-gallery-3 is-layout-flex wp-block-gallery-is-layout-flex\"><ul class=\"blocks-gallery-grid\"><li class=\"blocks-gallery-item\"><figure><img loading=\"lazy\" decoding=\"async\" width=\"683\" height=\"1024\" src=\"https:\/\/i1.wp.com\/laetitialeroy.com\/wp-content\/uploads\/2020\/12\/a-42-683x1024.jpg?resize=683%2C1024\" alt=\"\" data-id=\"111\" data-full-url=\"http:\/\/laetitialeroy.com\/wp-content\/uploads\/2020\/12\/a-42-scaled.jpg\" data-link=\"http:\/\/laetitialeroy.com\/index.php\/cest-quoi\/a-42\/\" class=\"wp-image-111\" srcset=\"https:\/\/i0.wp.com\/www.laetitialeroy.com\/wp-content\/uploads\/2020\/12\/a-42-scaled.jpg?resize=683%2C1024&amp;ssl=1 683w, https:\/\/i0.wp.com\/www.laetitialeroy.com\/wp-content\/uploads\/2020\/12\/a-42-scaled.jpg?resize=200%2C300&amp;ssl=1 200w, https:\/\/i0.wp.com\/www.laetitialeroy.com\/wp-content\/uploads\/2020\/12\/a-42-scaled.jpg?resize=768%2C1152&amp;ssl=1 768w, https:\/\/i0.wp.com\/www.laetitialeroy.com\/wp-content\/uploads\/2020\/12\/a-42-scaled.jpg?resize=1024%2C1536&amp;ssl=1 1024w, https:\/\/i0.wp.com\/www.laetitialeroy.com\/wp-content\/uploads\/2020\/12\/a-42-scaled.jpg?resize=1365%2C2048&amp;ssl=1 1365w, https:\/\/i0.wp.com\/www.laetitialeroy.com\/wp-content\/uploads\/2020\/12\/a-42-scaled.jpg?resize=1140%2C1710&amp;ssl=1 1140w, https:\/\/i0.wp.com\/www.laetitialeroy.com\/wp-content\/uploads\/2020\/12\/a-42-scaled.jpg?w=1707&amp;ssl=1 1707w\" sizes=\"(max-width: 683px) 100vw, 683px\" data-recalc-dims=\"1\" \/><\/figure><\/li><li class=\"blocks-gallery-item\"><figure><img loading=\"lazy\" decoding=\"async\" width=\"683\" height=\"1024\" src=\"https:\/\/i1.wp.com\/laetitialeroy.com\/wp-content\/uploads\/2020\/12\/a-28-683x1024.jpg?resize=683%2C1024\" alt=\"\" data-id=\"113\" data-full-url=\"http:\/\/laetitialeroy.com\/wp-content\/uploads\/2020\/12\/a-28-scaled.jpg\" data-link=\"http:\/\/laetitialeroy.com\/index.php\/deroulement-dune-seance\/a-28\/\" class=\"wp-image-113\" srcset=\"https:\/\/i1.wp.com\/www.laetitialeroy.com\/wp-content\/uploads\/2020\/12\/a-28-scaled.jpg?resize=683%2C1024&amp;ssl=1 683w, https:\/\/i1.wp.com\/www.laetitialeroy.com\/wp-content\/uploads\/2020\/12\/a-28-scaled.jpg?resize=200%2C300&amp;ssl=1 200w, https:\/\/i1.wp.com\/www.laetitialeroy.com\/wp-content\/uploads\/2020\/12\/a-28-scaled.jpg?resize=768%2C1152&amp;ssl=1 768w, https:\/\/i1.wp.com\/www.laetitialeroy.com\/wp-content\/uploads\/2020\/12\/a-28-scaled.jpg?resize=1024%2C1536&amp;ssl=1 1024w, https:\/\/i1.wp.com\/www.laetitialeroy.com\/wp-content\/uploads\/2020\/12\/a-28-scaled.jpg?resize=1365%2C2048&amp;ssl=1 1365w, https:\/\/i1.wp.com\/www.laetitialeroy.com\/wp-content\/uploads\/2020\/12\/a-28-scaled.jpg?resize=1140%2C1710&amp;ssl=1 1140w, https:\/\/i1.wp.com\/www.laetitialeroy.com\/wp-content\/uploads\/2020\/12\/a-28-scaled.jpg?w=1707&amp;ssl=1 1707w\" sizes=\"(max-width: 683px) 100vw, 683px\" data-recalc-dims=\"1\" \/><\/figure><\/li><li class=\"blocks-gallery-item\"><figure><img loading=\"lazy\" decoding=\"async\" width=\"960\" height=\"640\" src=\"https:\/\/i2.wp.com\/laetitialeroy.com\/wp-content\/uploads\/2020\/12\/a-18-1024x683.jpg?resize=960%2C640\" alt=\"\" data-id=\"89\" data-full-url=\"http:\/\/laetitialeroy.com\/wp-content\/uploads\/2020\/12\/a-18-scaled.jpg\" data-link=\"http:\/\/laetitialeroy.com\/index.php\/reiki\/a-18\/\" class=\"wp-image-89\" srcset=\"https:\/\/i2.wp.com\/www.laetitialeroy.com\/wp-content\/uploads\/2020\/12\/a-18-scaled.jpg?resize=1024%2C683&amp;ssl=1 1024w, https:\/\/i2.wp.com\/www.laetitialeroy.com\/wp-content\/uploads\/2020\/12\/a-18-scaled.jpg?resize=300%2C200&amp;ssl=1 300w, https:\/\/i2.wp.com\/www.laetitialeroy.com\/wp-content\/uploads\/2020\/12\/a-18-scaled.jpg?resize=768%2C512&amp;ssl=1 768w, https:\/\/i2.wp.com\/www.laetitialeroy.com\/wp-content\/uploads\/2020\/12\/a-18-scaled.jpg?resize=1536%2C1024&amp;ssl=1 1536w, https:\/\/i2.wp.com\/www.laetitialeroy.com\/wp-content\/uploads\/2020\/12\/a-18-scaled.jpg?resize=2048%2C1365&amp;ssl=1 2048w, https:\/\/i2.wp.com\/www.laetitialeroy.com\/wp-content\/uploads\/2020\/12\/a-18-scaled.jpg?resize=1140%2C760&amp;ssl=1 1140w, https:\/\/i2.wp.com\/www.laetitialeroy.com\/wp-content\/uploads\/2020\/12\/a-18-scaled.jpg?w=1920&amp;ssl=1 1920w\" sizes=\"(max-width: 960px) 100vw, 960px\" data-recalc-dims=\"1\" \/><\/figure><\/li><\/ul><\/figure>\n\n\n\n<p> Soin <strong>50<\/strong>\u20ac \/ Dur\u00e9e 1h<\/p>\n\n\n\n<p>Pack 4 Soins : <strong>160<\/strong>\u20ac<\/p>\n\n\n\n<div class=\"wp-block-buttons is-layout-flex wp-block-buttons-is-layout-flex\">\n<div class=\"wp-block-button\"><a class=\"wp-block-button__link\" href=\"http:\/\/laetitialeroy.com\/index.php\/reiki\/\">Plus d&#8217;infos<\/a><\/div>\n<\/div>\n\n\n\n<h2 class=\"has-text-align-center wp-block-heading\"><span class=\"has-inline-color has-vivid-cyan-blue-color\">R\u00e8glement<\/span><\/h2>\n\n\n\n<p>Esp\u00e8ce &#8211; Ch\u00e8que &#8211; <a href=\"https:\/\/www.paypal.com\/fr\/home\">PayPal<\/a> &#8211; Lydia<\/p>\n\n\n\n<p>Contact : T\u00e9l\u00e9phone 06 76 82 66 52 ou par mail laetitialeroy@hotmail.com<\/p>\n","protected":false},"excerpt":{"rendered":"<p>Soin du f\u00e9minin sacr\u00e9 B\u00e9n\u00e9diction de l\u2019ut\u00e9rus + soin de l\u2019ut\u00e9rus : 50\u20ac \/ Dur\u00e9e : 45-60 minutesB\u00e9n\u00e9diction de l\u2019ut\u00e9rus + soin de l\u2019\u00e2me : 60\u20ac \/ Dur\u00e9e : 45\/60 minutes B\u00e9n\u00e9diction si vous \u00eates 2 personnes : 40\u20ac \/ personne. Dur\u00e9e : 45 minutes Soin de l\u2019ut\u00e9rus seul : 30\u20ac \/ Dur\u00e9e : 45 minutes Soin de l\u2019\u00e2me seul : 40\u20ac \/ Dur\u00e9e : 1h Cercle de femmes : 10\u20ac\/ personne Je pr\u00e9f\u00e8re faire des&nbsp;petits prix&nbsp;afin que&nbsp;toutes&nbsp;les femmes puissent y participer et que l\u2019argent ne soient pas un frein. Sophrologie Individuel : 50\u20ac \/ Dur\u00e9e : 1hTarifs r\u00e9duits pour les personnes en difficult\u00e9s : 40\u20ac COLLECTIF Atelier d\u00e9couverte et atelier \u00e0 th\u00e8me : 15\u20ac\/ personne &#8211; Minimum 8 personnes Atelier d\u00e9couverte + atelier \u00e0 th\u00e8me : 20\u20ac\/ personne &#8211; Minimum 8 personnes Rando Sophro Adulte ou parents\/ enfants : 15\u20ac\/personne Reiki Soin 50\u20ac \/ Dur\u00e9e 1h Pack 4 Soins : 160\u20ac R\u00e8glement Esp\u00e8ce &#8211; Ch\u00e8que &#8211; PayPal &#8211; Lydia Contact : T\u00e9l\u00e9phone 06 76 82 66 52 ou par mail laetitialeroy@hotmail.com<\/p>\n","protected":false},"author":1,"featured_media":0,"parent":0,"menu_order":0,"comment_status":"closed","ping_status":"closed","template":"","meta":{"_monsterinsights_skip_tracking":false,"_monsterinsights_sitenote_active":false,"_monsterinsights_sitenote_note":"","_monsterinsights_sitenote_category":0,"spay_email":"","footnotes":""},"yoast_head":"<!-- This site is optimized with the Yoast SEO plugin v16.4 - https:\/\/yoast.com\/wordpress\/plugins\/seo\/ -->\n<title>Tarifs - Laetitia Leroy<\/title>\n<meta name=\"robots\" content=\"index, follow, max-snippet:-1, max-image-preview:large, max-video-preview:-1\" \/>\n<link rel=\"canonical\" href=\"https:\/\/www.laetitialeroy.com\/index.php\/tarifs\/\" \/>\n<meta property=\"og:locale\" content=\"fr_FR\" \/>\n<meta property=\"og:type\" content=\"article\" \/>\n<meta property=\"og:title\" content=\"Tarifs - Laetitia Leroy\" \/>\n<meta property=\"og:description\" content=\"Soin du f\u00e9minin sacr\u00e9 B\u00e9n\u00e9diction de l\u2019ut\u00e9rus + soin de l\u2019ut\u00e9rus : 50\u20ac \/ Dur\u00e9e : 45-60 minutesB\u00e9n\u00e9diction de l\u2019ut\u00e9rus + soin de l\u2019\u00e2me : 60\u20ac \/ Dur\u00e9e : 45\/60 minutes B\u00e9n\u00e9diction si vous \u00eates 2 personnes : 40\u20ac \/ personne. Dur\u00e9e : 45 minutes Soin de l\u2019ut\u00e9rus seul : 30\u20ac \/ Dur\u00e9e : 45 minutes Soin de l\u2019\u00e2me seul : 40\u20ac \/ Dur\u00e9e : 1h Cercle de femmes : 10\u20ac\/ personne Je pr\u00e9f\u00e8re faire des&nbsp;petits prix&nbsp;afin que&nbsp;toutes&nbsp;les femmes puissent y participer et que l\u2019argent ne soient pas un frein. Sophrologie Individuel : 50\u20ac \/ Dur\u00e9e : 1hTarifs r\u00e9duits pour les personnes en difficult\u00e9s : 40\u20ac COLLECTIF Atelier d\u00e9couverte et atelier \u00e0 th\u00e8me : 15\u20ac\/ personne &#8211; Minimum 8 personnes Atelier d\u00e9couverte + atelier \u00e0 th\u00e8me : 20\u20ac\/ personne &#8211; Minimum 8 personnes Rando Sophro Adulte ou parents\/ enfants : 15\u20ac\/personne Reiki Soin 50\u20ac \/ Dur\u00e9e 1h Pack 4 Soins : 160\u20ac R\u00e8glement Esp\u00e8ce &#8211; Ch\u00e8que &#8211; PayPal &#8211; Lydia Contact : T\u00e9l\u00e9phone 06 76 82 66 52 ou par mail laetitialeroy@hotmail.com\" \/>\n<meta property=\"og:url\" content=\"https:\/\/www.laetitialeroy.com\/index.php\/tarifs\/\" \/>\n<meta property=\"og:site_name\" content=\"Laetitia Leroy\" \/>\n<meta property=\"article:publisher\" content=\"http:\/\/www.facebook.com\/laetitiaenergies\" \/>\n<meta property=\"article:modified_time\" content=\"2022-01-25T11:30:32+00:00\" \/>\n<meta property=\"og:image\" content=\"http:\/\/laetitialeroy.com\/wp-content\/uploads\/2021\/02\/FAB_0163-1024x681.jpg\" \/>\n<meta name=\"twitter:card\" content=\"summary_large_image\" \/>\n<meta name=\"twitter:label1\" content=\"Dur\u00e9e de lecture est.\" \/>\n\t<meta name=\"twitter:data1\" content=\"3 minutes\" \/>\n<script type=\"application\/ld+json\" class=\"yoast-schema-graph\">{\"@context\":\"https:\/\/schema.org\",\"@graph\":[{\"@type\":\"WebSite\",\"@id\":\"https:\/\/www.laetitialeroy.com\/#website\",\"url\":\"https:\/\/www.laetitialeroy.com\/\",\"name\":\"Laetitia Leroy\",\"description\":\"Soin \/ Accompagnement\/ Art\",\"potentialAction\":[{\"@type\":\"SearchAction\",\"target\":\"https:\/\/www.laetitialeroy.com\/?s={search_term_string}\",\"query-input\":\"required name=search_term_string\"}],\"inLanguage\":\"fr-FR\"},{\"@type\":\"ImageObject\",\"@id\":\"https:\/\/www.laetitialeroy.com\/index.php\/tarifs\/#primaryimage\",\"inLanguage\":\"fr-FR\",\"url\":\"http:\/\/laetitialeroy.com\/wp-content\/uploads\/2021\/02\/FAB_0163-1024x681.jpg\",\"contentUrl\":\"http:\/\/laetitialeroy.com\/wp-content\/uploads\/2021\/02\/FAB_0163-1024x681.jpg\"},{\"@type\":\"WebPage\",\"@id\":\"https:\/\/www.laetitialeroy.com\/index.php\/tarifs\/#webpage\",\"url\":\"https:\/\/www.laetitialeroy.com\/index.php\/tarifs\/\",\"name\":\"Tarifs - Laetitia Leroy\",\"isPartOf\":{\"@id\":\"https:\/\/www.laetitialeroy.com\/#website\"},\"primaryImageOfPage\":{\"@id\":\"https:\/\/www.laetitialeroy.com\/index.php\/tarifs\/#primaryimage\"},\"datePublished\":\"2020-11-25T17:15:19+00:00\",\"dateModified\":\"2022-01-25T11:30:32+00:00\",\"breadcrumb\":{\"@id\":\"https:\/\/www.laetitialeroy.com\/index.php\/tarifs\/#breadcrumb\"},\"inLanguage\":\"fr-FR\",\"potentialAction\":[{\"@type\":\"ReadAction\",\"target\":[\"https:\/\/www.laetitialeroy.com\/index.php\/tarifs\/\"]}]},{\"@type\":\"BreadcrumbList\",\"@id\":\"https:\/\/www.laetitialeroy.com\/index.php\/tarifs\/#breadcrumb\",\"itemListElement\":[{\"@type\":\"ListItem\",\"position\":1,\"item\":{\"@type\":\"WebPage\",\"@id\":\"https:\/\/www.laetitialeroy.com\/\",\"url\":\"https:\/\/www.laetitialeroy.com\/\",\"name\":\"Accueil\"}},{\"@type\":\"ListItem\",\"position\":2,\"item\":{\"@id\":\"https:\/\/www.laetitialeroy.com\/index.php\/tarifs\/#webpage\"}}]}]}<\/script>\n<!-- \/ Yoast SEO plugin. -->","_links":{"self":[{"href":"https:\/\/www.laetitialeroy.com\/index.php\/wp-json\/wp\/v2\/pages\/68"}],"collection":[{"href":"https:\/\/www.laetitialeroy.com\/index.php\/wp-json\/wp\/v2\/pages"}],"about":[{"href":"https:\/\/www.laetitialeroy.com\/index.php\/wp-json\/wp\/v2\/types\/page"}],"author":[{"embeddable":true,"href":"https:\/\/www.laetitialeroy.com\/index.php\/wp-json\/wp\/v2\/users\/1"}],"replies":[{"embeddable":true,"href":"https:\/\/www.laetitialeroy.com\/index.php\/wp-json\/wp\/v2\/comments?post=68"}],"version-history":[{"count":9,"href":"https:\/\/www.laetitialeroy.com\/index.php\/wp-json\/wp\/v2\/pages\/68\/revisions"}],"predecessor-version":[{"id":781,"href":"https:\/\/www.laetitialeroy.com\/index.php\/wp-json\/wp\/v2\/pages\/68\/revisions\/781"}],"wp:attachment":[{"href":"https:\/\/www.laetitialeroy.com\/index.php\/wp-json\/wp\/v2\/media?parent=68"}],"curies":[{"name":"wp","href":"https:\/\/api.w.org\/{rel}","templated":true}]}}