{"id":50,"date":"2020-11-25T18:06:24","date_gmt":"2020-11-25T17:06:24","guid":{"rendered":"http:\/\/laetitialeroy.com\/?page_id=50"},"modified":"2025-11-25T23:39:07","modified_gmt":"2025-11-25T22:39:07","slug":"art","status":"publish","type":"page","link":"https:\/\/www.laetitialeroy.com\/index.php\/art\/","title":{"rendered":"Art"},"content":{"rendered":"\n<figure class=\"wp-block-pullquote\"><blockquote><p>L\u2019art, c\u2019est le plus court chemin de l\u2019homme \u00e0 l\u2019homme.<\/p><cite>Andr\u00e9 Malraux<\/cite><\/blockquote><\/figure>\n\n\n\n<p>J&#8217;ai toujours aim\u00e9 <strong>cr\u00e9er<\/strong>, dessiner, peindre, faire des maquettes.<br>Cr\u00e9er des projets, des voyages. <br>Je suis une chercheuse et une <strong>aventuri\u00e8re<\/strong>. <br><\/p>\n\n\n\n<p>L&#8217;art est un ensemble de disciplines qui permet de d\u00e9velopper sa cr\u00e9ativit\u00e9 dans beaucoup de domaines, pour moi, c&#8217;est la <strong>peinture et la musique.<\/strong> <br><br>Depuis mon adolescence, je baigne dans la<strong> musique<\/strong>, j&#8217;ai jou\u00e9 longtemps de la batterie et des percussions, j&#8217;ai \u00e9t\u00e9 responsable d&#8217;un rayon batterie-percussion dans un grand magasin de musique.<br><br>Je suis technicienne du spectacle, je travaille sur sc\u00e8ne.<\/p>\n\n\n\n<p>J&#8217;ai d\u00e9couvert il y a 15 ans les \u00e9nergies, le d\u00e9veloppement personnel, la conscience du monde qui m&#8217;entoure, j&#8217;ai beaucoup lu et fait de soins.<\/p>\n\n\n\n<p>Comment lier l&#8217;ensemble ?  Comment exprimer par l&#8217;art mon chemin spirituel ?<br><\/p>\n\n\n\n<p><\/p>\n\n\n\n<h2 class=\"wp-block-heading has-text-align-center\"><span style=\"background-color:rgba(0, 0, 0, 0)\" class=\"has-inline-color has-vivid-cyan-blue-color\">La peinture<\/span><\/h2>\n\n\n\n<figure class=\"wp-block-gallery has-nested-images columns-default is-cropped wp-block-gallery-1 is-layout-flex wp-block-gallery-is-layout-flex\">\n<figure class=\"wp-block-image size-large\"><img loading=\"lazy\" decoding=\"async\" width=\"768\" height=\"1024\" data-id=\"200\" src=\"https:\/\/i0.wp.com\/www.laetitialeroy.com\/wp-content\/uploads\/2021\/02\/IMG_2518.jpg?resize=768%2C1024&#038;ssl=1\" alt=\"\" class=\"wp-image-200\" srcset=\"https:\/\/i0.wp.com\/www.laetitialeroy.com\/wp-content\/uploads\/2021\/02\/IMG_2518-scaled.jpg?resize=768%2C1024&amp;ssl=1 768w, https:\/\/i0.wp.com\/www.laetitialeroy.com\/wp-content\/uploads\/2021\/02\/IMG_2518-scaled.jpg?resize=225%2C300&amp;ssl=1 225w, https:\/\/i0.wp.com\/www.laetitialeroy.com\/wp-content\/uploads\/2021\/02\/IMG_2518-scaled.jpg?resize=1152%2C1536&amp;ssl=1 1152w, https:\/\/i0.wp.com\/www.laetitialeroy.com\/wp-content\/uploads\/2021\/02\/IMG_2518-scaled.jpg?resize=1536%2C2048&amp;ssl=1 1536w, https:\/\/i0.wp.com\/www.laetitialeroy.com\/wp-content\/uploads\/2021\/02\/IMG_2518-scaled.jpg?resize=1140%2C1520&amp;ssl=1 1140w, https:\/\/i0.wp.com\/www.laetitialeroy.com\/wp-content\/uploads\/2021\/02\/IMG_2518-scaled.jpg?w=1920&amp;ssl=1 1920w\" sizes=\"(max-width: 768px) 100vw, 768px\" data-recalc-dims=\"1\" \/><\/figure>\n\n\n\n<figure class=\"wp-block-image size-large\"><img loading=\"lazy\" decoding=\"async\" width=\"960\" height=\"533\" data-id=\"204\" src=\"https:\/\/i0.wp.com\/www.laetitialeroy.com\/wp-content\/uploads\/2021\/02\/IMG_1621.jpg?resize=960%2C533&#038;ssl=1\" alt=\"\" class=\"wp-image-204\" srcset=\"https:\/\/i2.wp.com\/www.laetitialeroy.com\/wp-content\/uploads\/2021\/02\/IMG_1621-scaled.jpg?resize=1024%2C569&amp;ssl=1 1024w, https:\/\/i2.wp.com\/www.laetitialeroy.com\/wp-content\/uploads\/2021\/02\/IMG_1621-scaled.jpg?resize=300%2C167&amp;ssl=1 300w, https:\/\/i2.wp.com\/www.laetitialeroy.com\/wp-content\/uploads\/2021\/02\/IMG_1621-scaled.jpg?resize=768%2C426&amp;ssl=1 768w, https:\/\/i2.wp.com\/www.laetitialeroy.com\/wp-content\/uploads\/2021\/02\/IMG_1621-scaled.jpg?resize=1536%2C853&amp;ssl=1 1536w, https:\/\/i2.wp.com\/www.laetitialeroy.com\/wp-content\/uploads\/2021\/02\/IMG_1621-scaled.jpg?resize=2048%2C1137&amp;ssl=1 2048w, https:\/\/i2.wp.com\/www.laetitialeroy.com\/wp-content\/uploads\/2021\/02\/IMG_1621-scaled.jpg?resize=1140%2C633&amp;ssl=1 1140w, https:\/\/i2.wp.com\/www.laetitialeroy.com\/wp-content\/uploads\/2021\/02\/IMG_1621-scaled.jpg?w=1920&amp;ssl=1 1920w\" sizes=\"(max-width: 960px) 100vw, 960px\" data-recalc-dims=\"1\" \/><\/figure>\n\n\n\n<figure class=\"wp-block-image size-large\"><img loading=\"lazy\" decoding=\"async\" width=\"739\" height=\"1024\" data-id=\"205\" src=\"https:\/\/i0.wp.com\/www.laetitialeroy.com\/wp-content\/uploads\/2021\/02\/IMG_1624.jpg?resize=739%2C1024&#038;ssl=1\" alt=\"\" class=\"wp-image-205\" srcset=\"https:\/\/i0.wp.com\/www.laetitialeroy.com\/wp-content\/uploads\/2021\/02\/IMG_1624-scaled.jpg?resize=739%2C1024&amp;ssl=1 739w, https:\/\/i0.wp.com\/www.laetitialeroy.com\/wp-content\/uploads\/2021\/02\/IMG_1624-scaled.jpg?resize=216%2C300&amp;ssl=1 216w, https:\/\/i0.wp.com\/www.laetitialeroy.com\/wp-content\/uploads\/2021\/02\/IMG_1624-scaled.jpg?resize=768%2C1064&amp;ssl=1 768w, https:\/\/i0.wp.com\/www.laetitialeroy.com\/wp-content\/uploads\/2021\/02\/IMG_1624-scaled.jpg?resize=1108%2C1536&amp;ssl=1 1108w, https:\/\/i0.wp.com\/www.laetitialeroy.com\/wp-content\/uploads\/2021\/02\/IMG_1624-scaled.jpg?resize=1478%2C2048&amp;ssl=1 1478w, https:\/\/i0.wp.com\/www.laetitialeroy.com\/wp-content\/uploads\/2021\/02\/IMG_1624-scaled.jpg?resize=1140%2C1580&amp;ssl=1 1140w, https:\/\/i0.wp.com\/www.laetitialeroy.com\/wp-content\/uploads\/2021\/02\/IMG_1624-scaled.jpg?w=1847&amp;ssl=1 1847w\" sizes=\"(max-width: 739px) 100vw, 739px\" data-recalc-dims=\"1\" \/><\/figure>\n<\/figure>\n\n\n\n<h2 class=\"wp-block-heading has-text-align-center\"><a href=\"http:\/\/www.vulvedor.com\">Vulvedor<\/a><\/h2>\n\n\n\n<p class=\"has-text-align-center\">Repr\u00e9senter la vulve<br>Lib\u00e9rer la parole sur la sexualit\u00e9 et le plaisir f\u00e9minin<br><br>De la carte postale au grand format <br><br>Retrouvez le projet <a href=\"https:\/\/www.laetitialeroy.com\/index.php\/vulvedor\/\">ici<\/a><br>La boutique <a href=\"http:\/\/www.vulvedor.com\">ici<\/a><\/p>\n\n\n\n<hr class=\"wp-block-separator has-css-opacity\"\/>\n\n\n\n<figure class=\"wp-block-gallery has-nested-images columns-default is-cropped wp-block-gallery-2 is-layout-flex wp-block-gallery-is-layout-flex\">\n<figure class=\"wp-block-image size-large\"><img loading=\"lazy\" decoding=\"async\" width=\"935\" height=\"1024\" data-id=\"218\" src=\"https:\/\/i2.wp.com\/www.laetitialeroy.com\/wp-content\/uploads\/2021\/02\/IMG_1538.jpg?resize=935%2C1024&#038;ssl=1\" alt=\"\" class=\"wp-image-218\" srcset=\"https:\/\/i0.wp.com\/www.laetitialeroy.com\/wp-content\/uploads\/2021\/02\/IMG_1538-scaled.jpg?resize=935%2C1024&amp;ssl=1 935w, https:\/\/i0.wp.com\/www.laetitialeroy.com\/wp-content\/uploads\/2021\/02\/IMG_1538-scaled.jpg?resize=274%2C300&amp;ssl=1 274w, https:\/\/i0.wp.com\/www.laetitialeroy.com\/wp-content\/uploads\/2021\/02\/IMG_1538-scaled.jpg?resize=768%2C841&amp;ssl=1 768w, https:\/\/i0.wp.com\/www.laetitialeroy.com\/wp-content\/uploads\/2021\/02\/IMG_1538-scaled.jpg?resize=1403%2C1536&amp;ssl=1 1403w, https:\/\/i0.wp.com\/www.laetitialeroy.com\/wp-content\/uploads\/2021\/02\/IMG_1538-scaled.jpg?resize=1870%2C2048&amp;ssl=1 1870w, https:\/\/i0.wp.com\/www.laetitialeroy.com\/wp-content\/uploads\/2021\/02\/IMG_1538-scaled.jpg?resize=1140%2C1248&amp;ssl=1 1140w, https:\/\/i0.wp.com\/www.laetitialeroy.com\/wp-content\/uploads\/2021\/02\/IMG_1538-scaled.jpg?w=1920&amp;ssl=1 1920w\" sizes=\"(max-width: 935px) 100vw, 935px\" data-recalc-dims=\"1\" \/><figcaption class=\"wp-element-caption\">Femmes sacr\u00e9es<\/figcaption><\/figure>\n\n\n\n<figure class=\"wp-block-image size-large\"><img loading=\"lazy\" decoding=\"async\" width=\"960\" height=\"720\" data-id=\"217\" src=\"https:\/\/i0.wp.com\/www.laetitialeroy.com\/wp-content\/uploads\/2021\/02\/IMG_1539.jpg?resize=960%2C720&#038;ssl=1\" alt=\"\" class=\"wp-image-217\" srcset=\"https:\/\/i1.wp.com\/www.laetitialeroy.com\/wp-content\/uploads\/2021\/02\/IMG_1539-scaled.jpg?resize=1024%2C768&amp;ssl=1 1024w, https:\/\/i1.wp.com\/www.laetitialeroy.com\/wp-content\/uploads\/2021\/02\/IMG_1539-scaled.jpg?resize=300%2C225&amp;ssl=1 300w, https:\/\/i1.wp.com\/www.laetitialeroy.com\/wp-content\/uploads\/2021\/02\/IMG_1539-scaled.jpg?resize=768%2C576&amp;ssl=1 768w, https:\/\/i1.wp.com\/www.laetitialeroy.com\/wp-content\/uploads\/2021\/02\/IMG_1539-scaled.jpg?resize=1536%2C1152&amp;ssl=1 1536w, https:\/\/i1.wp.com\/www.laetitialeroy.com\/wp-content\/uploads\/2021\/02\/IMG_1539-scaled.jpg?resize=2048%2C1536&amp;ssl=1 2048w, https:\/\/i1.wp.com\/www.laetitialeroy.com\/wp-content\/uploads\/2021\/02\/IMG_1539-scaled.jpg?resize=1140%2C855&amp;ssl=1 1140w, https:\/\/i1.wp.com\/www.laetitialeroy.com\/wp-content\/uploads\/2021\/02\/IMG_1539-scaled.jpg?w=1920&amp;ssl=1 1920w\" sizes=\"(max-width: 960px) 100vw, 960px\" data-recalc-dims=\"1\" \/><figcaption class=\"wp-element-caption\">Instrospection<\/figcaption><\/figure>\n\n\n\n<figure class=\"wp-block-image size-large\"><img loading=\"lazy\" decoding=\"async\" width=\"960\" height=\"903\" data-id=\"222\" src=\"https:\/\/i2.wp.com\/www.laetitialeroy.com\/wp-content\/uploads\/2021\/02\/IMG_1533.jpg?resize=960%2C903&#038;ssl=1\" alt=\"\" class=\"wp-image-222\" srcset=\"https:\/\/i2.wp.com\/www.laetitialeroy.com\/wp-content\/uploads\/2021\/02\/IMG_1533-scaled.jpg?resize=1024%2C963&amp;ssl=1 1024w, https:\/\/i2.wp.com\/www.laetitialeroy.com\/wp-content\/uploads\/2021\/02\/IMG_1533-scaled.jpg?resize=300%2C282&amp;ssl=1 300w, https:\/\/i2.wp.com\/www.laetitialeroy.com\/wp-content\/uploads\/2021\/02\/IMG_1533-scaled.jpg?resize=768%2C722&amp;ssl=1 768w, https:\/\/i2.wp.com\/www.laetitialeroy.com\/wp-content\/uploads\/2021\/02\/IMG_1533-scaled.jpg?resize=1536%2C1444&amp;ssl=1 1536w, https:\/\/i2.wp.com\/www.laetitialeroy.com\/wp-content\/uploads\/2021\/02\/IMG_1533-scaled.jpg?resize=2048%2C1925&amp;ssl=1 2048w, https:\/\/i2.wp.com\/www.laetitialeroy.com\/wp-content\/uploads\/2021\/02\/IMG_1533-scaled.jpg?resize=1140%2C1072&amp;ssl=1 1140w, https:\/\/i2.wp.com\/www.laetitialeroy.com\/wp-content\/uploads\/2021\/02\/IMG_1533-scaled.jpg?w=1920&amp;ssl=1 1920w\" sizes=\"(max-width: 960px) 100vw, 960px\" data-recalc-dims=\"1\" \/><figcaption class=\"wp-element-caption\">Jeune fille<\/figcaption><\/figure>\n<\/figure>\n\n\n\n<h2 class=\"wp-block-heading has-text-align-center\"><a href=\"http:\/\/laetitialeroy.com\/index.php\/femmes-lunaires\/\">Femmes Lunaires<\/a><\/h2>\n\n\n\n<p class=\"has-text-align-center\">Femmes Cycliques<\/p>\n\n\n\n<p class=\"has-text-align-center\">Le Corps originel, nu, libre<br>La Clairvoyance, la source, la dualit\u00e9<br>La beaut\u00e9 de l&#8217;\u00e2me<br><br>Technique : Aquarelle &#8211; Posca &#8211; Crayons pointes fines<br>30 x 30 cm &#8211; 40 x 40 cm encadr\u00e9<\/p>\n\n\n\n<hr class=\"wp-block-separator has-css-opacity\"\/>\n\n\n\n<h2 class=\"wp-block-heading has-text-align-center\"><span style=\"background-color:rgba(0, 0, 0, 0)\" class=\"has-inline-color has-vivid-cyan-blue-color\">La musique<\/span><\/h2>\n\n\n\n<figure class=\"wp-block-gallery aligncenter has-nested-images columns-default is-cropped wp-block-gallery-3 is-layout-flex wp-block-gallery-is-layout-flex\">\n<figure class=\"wp-block-image size-large\"><img loading=\"lazy\" decoding=\"async\" width=\"960\" height=\"638\" data-id=\"412\" src=\"https:\/\/i2.wp.com\/www.laetitialeroy.com\/wp-content\/uploads\/2021\/03\/voyage.jpg?resize=960%2C638&#038;ssl=1\" alt=\"\" class=\"wp-image-412\" srcset=\"https:\/\/i2.wp.com\/www.laetitialeroy.com\/wp-content\/uploads\/2021\/03\/voyage-scaled.jpg?resize=1024%2C681&amp;ssl=1 1024w, https:\/\/i2.wp.com\/www.laetitialeroy.com\/wp-content\/uploads\/2021\/03\/voyage-scaled.jpg?resize=300%2C200&amp;ssl=1 300w, https:\/\/i2.wp.com\/www.laetitialeroy.com\/wp-content\/uploads\/2021\/03\/voyage-scaled.jpg?resize=768%2C511&amp;ssl=1 768w, https:\/\/i2.wp.com\/www.laetitialeroy.com\/wp-content\/uploads\/2021\/03\/voyage-scaled.jpg?resize=1536%2C1022&amp;ssl=1 1536w, https:\/\/i2.wp.com\/www.laetitialeroy.com\/wp-content\/uploads\/2021\/03\/voyage-scaled.jpg?resize=2048%2C1363&amp;ssl=1 2048w, https:\/\/i2.wp.com\/www.laetitialeroy.com\/wp-content\/uploads\/2021\/03\/voyage-scaled.jpg?resize=1140%2C759&amp;ssl=1 1140w, https:\/\/i2.wp.com\/www.laetitialeroy.com\/wp-content\/uploads\/2021\/03\/voyage-scaled.jpg?w=1920&amp;ssl=1 1920w\" sizes=\"(max-width: 960px) 100vw, 960px\" data-recalc-dims=\"1\" \/><figcaption class=\"wp-element-caption\">Voyage sonore<\/figcaption><\/figure>\n<\/figure>\n\n\n\n<h2 class=\"wp-block-heading has-text-align-center\"><a href=\"http:\/\/laetitialeroy.com\/index.php\/bulle-sonore\/\">Bulle Sonore<\/a><\/h2>\n\n\n\n<p class=\"has-text-align-center\">Voyage int\u00e9rieur<br>Relaxation profonde<br>Fermez les yeux, je vous emm\u00e8ne en musique<br><br>S\u00e9ance collective<\/p>\n","protected":false},"excerpt":{"rendered":"<p>L\u2019art, c\u2019est le plus court chemin de l\u2019homme \u00e0 l\u2019homme. Andr\u00e9 Malraux J&#8217;ai toujours aim\u00e9 cr\u00e9er, dessiner, peindre, faire des maquettes.Cr\u00e9er des projets, des voyages. Je suis une chercheuse et une aventuri\u00e8re. L&#8217;art est un ensemble de disciplines qui permet de d\u00e9velopper sa cr\u00e9ativit\u00e9 dans beaucoup de domaines, pour moi, c&#8217;est la peinture et la musique. Depuis mon adolescence, je baigne dans la musique, j&#8217;ai jou\u00e9 longtemps de la batterie et des percussions, j&#8217;ai \u00e9t\u00e9 responsable d&#8217;un rayon batterie-percussion dans un grand magasin de musique. Je suis technicienne du spectacle, je travaille sur sc\u00e8ne. J&#8217;ai d\u00e9couvert il y a 15 ans les \u00e9nergies, le d\u00e9veloppement personnel, la conscience du monde qui m&#8217;entoure, j&#8217;ai beaucoup lu et fait de soins. Comment lier l&#8217;ensemble ? Comment exprimer par l&#8217;art mon chemin spirituel ? La peinture Vulvedor Repr\u00e9senter la vulveLib\u00e9rer la parole sur la sexualit\u00e9 et le plaisir f\u00e9minin De la carte postale au grand format Retrouvez le projet iciLa boutique ici Femmes Lunaires Femmes Cycliques Le Corps originel, nu, libreLa Clairvoyance, la source, la dualit\u00e9La beaut\u00e9 de l&#8217;\u00e2me Technique : Aquarelle &#8211; Posca &#8211; Crayons pointes fines30 x 30 cm &#8211; 40 x 40 cm encadr\u00e9 La musique Bulle Sonore Voyage int\u00e9rieurRelaxation profondeFermez les yeux, je vous emm\u00e8ne en musique S\u00e9ance collective<\/p>\n","protected":false},"author":1,"featured_media":0,"parent":0,"menu_order":0,"comment_status":"closed","ping_status":"closed","template":"","meta":{"_monsterinsights_skip_tracking":false,"_monsterinsights_sitenote_active":false,"_monsterinsights_sitenote_note":"","_monsterinsights_sitenote_category":0,"spay_email":"","footnotes":""},"yoast_head":"<!-- This site is optimized with the Yoast SEO plugin v16.4 - https:\/\/yoast.com\/wordpress\/plugins\/seo\/ -->\n<title>Art - Laetitia Leroy art outil expression spiritualit\u00e9 vulvedor<\/title>\n<meta name=\"description\" content=\"L&#039;art comme moyen d&#039;expression de la spiritualit\u00e9, des croyances, des r\u00e9flexions sur le monde. Vulvedor, femme sacr\u00e9e, voyage sonore\" \/>\n<meta name=\"robots\" content=\"index, follow, max-snippet:-1, max-image-preview:large, max-video-preview:-1\" \/>\n<link rel=\"canonical\" href=\"https:\/\/www.laetitialeroy.com\/index.php\/art\/\" \/>\n<meta property=\"og:locale\" content=\"fr_FR\" \/>\n<meta property=\"og:type\" content=\"article\" \/>\n<meta property=\"og:title\" content=\"Art - Laetitia Leroy art outil expression spiritualit\u00e9 vulvedor\" \/>\n<meta property=\"og:description\" content=\"L&#039;art comme moyen d&#039;expression de la spiritualit\u00e9, des croyances, des r\u00e9flexions sur le monde. Vulvedor, femme sacr\u00e9e, voyage sonore\" \/>\n<meta property=\"og:url\" content=\"https:\/\/www.laetitialeroy.com\/index.php\/art\/\" \/>\n<meta property=\"og:site_name\" content=\"Laetitia Leroy\" \/>\n<meta property=\"article:publisher\" content=\"http:\/\/www.facebook.com\/laetitiaenergies\" \/>\n<meta property=\"article:modified_time\" content=\"2025-11-25T22:39:07+00:00\" \/>\n<meta property=\"og:image\" content=\"https:\/\/www.laetitialeroy.com\/wp-content\/uploads\/2021\/02\/IMG_2518-768x1024.jpg\" \/>\n<meta name=\"twitter:card\" content=\"summary_large_image\" \/>\n<meta name=\"twitter:label1\" content=\"Dur\u00e9e de lecture est.\" \/>\n\t<meta name=\"twitter:data1\" content=\"3 minutes\" \/>\n<script type=\"application\/ld+json\" class=\"yoast-schema-graph\">{\"@context\":\"https:\/\/schema.org\",\"@graph\":[{\"@type\":\"WebSite\",\"@id\":\"https:\/\/www.laetitialeroy.com\/#website\",\"url\":\"https:\/\/www.laetitialeroy.com\/\",\"name\":\"Laetitia Leroy\",\"description\":\"Soin \/ Accompagnement\/ Art\",\"potentialAction\":[{\"@type\":\"SearchAction\",\"target\":\"https:\/\/www.laetitialeroy.com\/?s={search_term_string}\",\"query-input\":\"required name=search_term_string\"}],\"inLanguage\":\"fr-FR\"},{\"@type\":\"ImageObject\",\"@id\":\"https:\/\/www.laetitialeroy.com\/index.php\/art\/#primaryimage\",\"inLanguage\":\"fr-FR\",\"url\":\"https:\/\/www.laetitialeroy.com\/wp-content\/uploads\/2021\/02\/IMG_2518-768x1024.jpg\",\"contentUrl\":\"https:\/\/www.laetitialeroy.com\/wp-content\/uploads\/2021\/02\/IMG_2518-768x1024.jpg\"},{\"@type\":\"WebPage\",\"@id\":\"https:\/\/www.laetitialeroy.com\/index.php\/art\/#webpage\",\"url\":\"https:\/\/www.laetitialeroy.com\/index.php\/art\/\",\"name\":\"Art - Laetitia Leroy art outil expression spiritualit\\u00e9 vulvedor\",\"isPartOf\":{\"@id\":\"https:\/\/www.laetitialeroy.com\/#website\"},\"primaryImageOfPage\":{\"@id\":\"https:\/\/www.laetitialeroy.com\/index.php\/art\/#primaryimage\"},\"datePublished\":\"2020-11-25T17:06:24+00:00\",\"dateModified\":\"2025-11-25T22:39:07+00:00\",\"description\":\"L'art comme moyen d'expression de la spiritualit\\u00e9, des croyances, des r\\u00e9flexions sur le monde. Vulvedor, femme sacr\\u00e9e, voyage sonore\",\"breadcrumb\":{\"@id\":\"https:\/\/www.laetitialeroy.com\/index.php\/art\/#breadcrumb\"},\"inLanguage\":\"fr-FR\",\"potentialAction\":[{\"@type\":\"ReadAction\",\"target\":[\"https:\/\/www.laetitialeroy.com\/index.php\/art\/\"]}]},{\"@type\":\"BreadcrumbList\",\"@id\":\"https:\/\/www.laetitialeroy.com\/index.php\/art\/#breadcrumb\",\"itemListElement\":[{\"@type\":\"ListItem\",\"position\":1,\"item\":{\"@type\":\"WebPage\",\"@id\":\"https:\/\/www.laetitialeroy.com\/\",\"url\":\"https:\/\/www.laetitialeroy.com\/\",\"name\":\"Accueil\"}},{\"@type\":\"ListItem\",\"position\":2,\"item\":{\"@id\":\"https:\/\/www.laetitialeroy.com\/index.php\/art\/#webpage\"}}]}]}<\/script>\n<!-- \/ Yoast SEO plugin. -->","_links":{"self":[{"href":"https:\/\/www.laetitialeroy.com\/index.php\/wp-json\/wp\/v2\/pages\/50"}],"collection":[{"href":"https:\/\/www.laetitialeroy.com\/index.php\/wp-json\/wp\/v2\/pages"}],"about":[{"href":"https:\/\/www.laetitialeroy.com\/index.php\/wp-json\/wp\/v2\/types\/page"}],"author":[{"embeddable":true,"href":"https:\/\/www.laetitialeroy.com\/index.php\/wp-json\/wp\/v2\/users\/1"}],"replies":[{"embeddable":true,"href":"https:\/\/www.laetitialeroy.com\/index.php\/wp-json\/wp\/v2\/comments?post=50"}],"version-history":[{"count":12,"href":"https:\/\/www.laetitialeroy.com\/index.php\/wp-json\/wp\/v2\/pages\/50\/revisions"}],"predecessor-version":[{"id":897,"href":"https:\/\/www.laetitialeroy.com\/index.php\/wp-json\/wp\/v2\/pages\/50\/revisions\/897"}],"wp:attachment":[{"href":"https:\/\/www.laetitialeroy.com\/index.php\/wp-json\/wp\/v2\/media?parent=50"}],"curies":[{"name":"wp","href":"https:\/\/api.w.org\/{rel}","templated":true}]}}