{"id":420,"date":"2021-03-14T14:48:00","date_gmt":"2021-03-14T13:48:00","guid":{"rendered":"http:\/\/laetitialeroy.com\/?page_id=420"},"modified":"2024-12-30T11:43:18","modified_gmt":"2024-12-30T10:43:18","slug":"bulle-sonore","status":"publish","type":"page","link":"https:\/\/www.laetitialeroy.com\/index.php\/bulle-sonore\/","title":{"rendered":"Bulle Sonore"},"content":{"rendered":"\n<h2 class=\"wp-block-heading has-text-align-center\"><span style=\"background-color:rgba(0, 0, 0, 0)\" class=\"has-inline-color has-vivid-cyan-blue-color\">Voyage Sonore &#8211; Relaxation<\/span><\/h2>\n\n\n\n<p>Fermez les yeux je vous emm\u00e8ne en musique.<br>&nbsp;1h de voyage int\u00e9rieur et de relaxation profonde. Laissez vous transporter par les sons et les vibrations.<br>&nbsp;Accompagn\u00e9 par les bols tib\u00e9tains, Koshi, , tambour chamanique et chant canalis\u00e9 ..Laissez-vous porter par vos r\u00eaveries, une pause hors du temps, un moment \u00e0 soi dont vous ressortirez compl\u00e8tement d\u00e9tendus.&nbsp;<\/p>\n\n\n\n<figure class=\"wp-block-gallery has-nested-images columns-default is-cropped wp-block-gallery-1 is-layout-flex wp-block-gallery-is-layout-flex\">\n<figure class=\"wp-block-image size-large\"><img loading=\"lazy\" decoding=\"async\" width=\"681\" height=\"1024\" data-id=\"389\" src=\"https:\/\/i0.wp.com\/www.laetitialeroy.com\/wp-content\/uploads\/2021\/03\/FAB_0097.jpg?resize=681%2C1024&#038;ssl=1\" alt=\"\" class=\"wp-image-389\" srcset=\"https:\/\/i0.wp.com\/www.laetitialeroy.com\/wp-content\/uploads\/2021\/03\/FAB_0097-scaled.jpg?resize=681%2C1024&amp;ssl=1 681w, https:\/\/i0.wp.com\/www.laetitialeroy.com\/wp-content\/uploads\/2021\/03\/FAB_0097-scaled.jpg?resize=200%2C300&amp;ssl=1 200w, https:\/\/i0.wp.com\/www.laetitialeroy.com\/wp-content\/uploads\/2021\/03\/FAB_0097-scaled.jpg?resize=768%2C1154&amp;ssl=1 768w, https:\/\/i0.wp.com\/www.laetitialeroy.com\/wp-content\/uploads\/2021\/03\/FAB_0097-scaled.jpg?resize=1022%2C1536&amp;ssl=1 1022w, https:\/\/i0.wp.com\/www.laetitialeroy.com\/wp-content\/uploads\/2021\/03\/FAB_0097-scaled.jpg?resize=1363%2C2048&amp;ssl=1 1363w, https:\/\/i0.wp.com\/www.laetitialeroy.com\/wp-content\/uploads\/2021\/03\/FAB_0097-scaled.jpg?resize=1140%2C1713&amp;ssl=1 1140w, https:\/\/i0.wp.com\/www.laetitialeroy.com\/wp-content\/uploads\/2021\/03\/FAB_0097-scaled.jpg?w=1703&amp;ssl=1 1703w\" sizes=\"(max-width: 681px) 100vw, 681px\" data-recalc-dims=\"1\" \/><\/figure>\n\n\n\n<figure class=\"wp-block-image size-large\"><img loading=\"lazy\" decoding=\"async\" width=\"960\" height=\"638\" data-id=\"421\" src=\"https:\/\/i1.wp.com\/www.laetitialeroy.com\/wp-content\/uploads\/2021\/03\/cymbalette.jpg?resize=960%2C638&#038;ssl=1\" alt=\"\" class=\"wp-image-421\" srcset=\"https:\/\/i2.wp.com\/www.laetitialeroy.com\/wp-content\/uploads\/2021\/03\/cymbalette-scaled.jpg?resize=1024%2C681&amp;ssl=1 1024w, https:\/\/i2.wp.com\/www.laetitialeroy.com\/wp-content\/uploads\/2021\/03\/cymbalette-scaled.jpg?resize=300%2C200&amp;ssl=1 300w, https:\/\/i2.wp.com\/www.laetitialeroy.com\/wp-content\/uploads\/2021\/03\/cymbalette-scaled.jpg?resize=768%2C511&amp;ssl=1 768w, https:\/\/i2.wp.com\/www.laetitialeroy.com\/wp-content\/uploads\/2021\/03\/cymbalette-scaled.jpg?resize=1536%2C1022&amp;ssl=1 1536w, https:\/\/i2.wp.com\/www.laetitialeroy.com\/wp-content\/uploads\/2021\/03\/cymbalette-scaled.jpg?resize=2048%2C1363&amp;ssl=1 2048w, https:\/\/i2.wp.com\/www.laetitialeroy.com\/wp-content\/uploads\/2021\/03\/cymbalette-scaled.jpg?resize=1140%2C759&amp;ssl=1 1140w, https:\/\/i2.wp.com\/www.laetitialeroy.com\/wp-content\/uploads\/2021\/03\/cymbalette-scaled.jpg?w=1920&amp;ssl=1 1920w\" sizes=\"(max-width: 960px) 100vw, 960px\" data-recalc-dims=\"1\" \/><figcaption class=\"wp-element-caption\">Photos : Fabrice Mousel<\/figcaption><\/figure>\n<\/figure>\n\n\n\n<h2 class=\"wp-block-heading has-text-align-center\"><span style=\"background-color:rgba(0, 0, 0, 0)\" class=\"has-inline-color has-vivid-cyan-blue-color\">Quels sont Les bienfaits des vibrations sonores d&#8217;une s\u00e9ance ?<\/span><\/h2>\n\n\n\n<ul>\n<li>Une relaxation profonde&nbsp;<\/li>\n\n\n\n<li>Un calme int\u00e9rieur&nbsp; <\/li>\n\n\n\n<li>Une pause ressour\u00e7ante o\u00f9 vos \u00e9nergies circulent dans votre corps<\/li>\n\n\n\n<li>Un l\u00e2cher prise (lib\u00e9ration de tensions, d&#8217;\u00e9motions, baisse du stress)<\/li>\n<\/ul>\n\n\n\n<p><strong>Tarif<\/strong> : 20 \u20ac\/ personne<\/p>\n\n\n\n<p>R\u00e9servation aupr\u00e8s de Laetitia en MP ou t\u00e9l\u00e9phone au 06 76 82 66 52 ou laetitialeroy@hotmail.com<\/p>\n\n\n\n<p>Pr\u00e9voir une tenue confortable, de quoi vous couvrir, tapis, une tasse pour le th\u00e9&nbsp;<img loading=\"lazy\" decoding=\"async\" height=\"16\" width=\"16\" alt=\"\ud83d\ude09\" src=\"https:\/\/static.xx.fbcdn.net\/images\/emoji.php\/v9\/t57\/1\/16\/1f609.png\"><br>Afin de vous cr\u00e9er un cocon de douceur.&nbsp;<\/p>\n\n\n\n<h2 class=\"wp-block-heading has-text-align-center\"><br><span class=\"has-inline-color has-vivid-cyan-blue-color\">Qui suis je ?<\/span><span class=\"has-inline-color has-pale-cyan-blue-color\">&nbsp;<\/span><\/h2>\n\n\n\n<p>Laetitia Leroy, musicienne, technicienne du spectacle et \u00e9nerg\u00e9ticienne. Je suis form\u00e9e \u00e0 la sophrologie, au Reiki et je suis Moon Mother , soins du f\u00e9minin sacr\u00e9.&nbsp;Nourrie de mes voyages en Am\u00e9rique Latine et derni\u00e8rement au N\u00e9pal, c&#8217;est tout naturellement que ma passion des sons a rencontr\u00e9 ma passion pour le bien \u00eatre.&nbsp;Ce projet est la suite logique d&#8217;un chemin commenc\u00e9 il y a 20 ans.<\/p>\n","protected":false},"excerpt":{"rendered":"<p>Voyage Sonore &#8211; Relaxation Fermez les yeux je vous emm\u00e8ne en musique.&nbsp;1h de voyage int\u00e9rieur et de relaxation profonde. Laissez vous transporter par les sons et les vibrations.&nbsp;Accompagn\u00e9 par les bols tib\u00e9tains, Koshi, , tambour chamanique et chant canalis\u00e9 ..Laissez-vous porter par vos r\u00eaveries, une pause hors du temps, un moment \u00e0 soi dont vous ressortirez compl\u00e8tement d\u00e9tendus.&nbsp; Quels sont Les bienfaits des vibrations sonores d&#8217;une s\u00e9ance ? Tarif : 20 \u20ac\/ personne R\u00e9servation aupr\u00e8s de Laetitia en MP ou t\u00e9l\u00e9phone au 06 76 82 66 52 ou laetitialeroy@hotmail.com Pr\u00e9voir une tenue confortable, de quoi vous couvrir, tapis, une tasse pour le th\u00e9&nbsp;Afin de vous cr\u00e9er un cocon de douceur.&nbsp; Qui suis je ?&nbsp; Laetitia Leroy, musicienne, technicienne du spectacle et \u00e9nerg\u00e9ticienne. Je suis form\u00e9e \u00e0 la sophrologie, au Reiki et je suis Moon Mother , soins du f\u00e9minin sacr\u00e9.&nbsp;Nourrie de mes voyages en Am\u00e9rique Latine et derni\u00e8rement au N\u00e9pal, c&#8217;est tout naturellement que ma passion des sons a rencontr\u00e9 ma passion pour le bien \u00eatre.&nbsp;Ce projet est la suite logique d&#8217;un chemin commenc\u00e9 il y a 20 ans.<\/p>\n","protected":false},"author":1,"featured_media":0,"parent":0,"menu_order":0,"comment_status":"closed","ping_status":"closed","template":"","meta":{"_monsterinsights_skip_tracking":false,"_monsterinsights_sitenote_active":false,"_monsterinsights_sitenote_note":"","_monsterinsights_sitenote_category":0,"spay_email":"","footnotes":""},"yoast_head":"<!-- This site is optimized with the Yoast SEO plugin v16.4 - https:\/\/yoast.com\/wordpress\/plugins\/seo\/ -->\n<title>Bulle Sonore - Laetitia Leroy<\/title>\n<meta name=\"robots\" content=\"index, follow, max-snippet:-1, max-image-preview:large, max-video-preview:-1\" \/>\n<link rel=\"canonical\" href=\"https:\/\/www.laetitialeroy.com\/index.php\/bulle-sonore\/\" \/>\n<meta property=\"og:locale\" content=\"fr_FR\" \/>\n<meta property=\"og:type\" content=\"article\" \/>\n<meta property=\"og:title\" content=\"Bulle Sonore - Laetitia Leroy\" \/>\n<meta property=\"og:description\" content=\"Voyage Sonore &#8211; Relaxation Fermez les yeux je vous emm\u00e8ne en musique.&nbsp;1h de voyage int\u00e9rieur et de relaxation profonde. Laissez vous transporter par les sons et les vibrations.&nbsp;Accompagn\u00e9 par les bols tib\u00e9tains, Koshi, , tambour chamanique et chant canalis\u00e9 ..Laissez-vous porter par vos r\u00eaveries, une pause hors du temps, un moment \u00e0 soi dont vous ressortirez compl\u00e8tement d\u00e9tendus.&nbsp; Quels sont Les bienfaits des vibrations sonores d&#8217;une s\u00e9ance ? Tarif : 20 \u20ac\/ personne R\u00e9servation aupr\u00e8s de Laetitia en MP ou t\u00e9l\u00e9phone au 06 76 82 66 52 ou laetitialeroy@hotmail.com Pr\u00e9voir une tenue confortable, de quoi vous couvrir, tapis, une tasse pour le th\u00e9&nbsp;Afin de vous cr\u00e9er un cocon de douceur.&nbsp; Qui suis je ?&nbsp; Laetitia Leroy, musicienne, technicienne du spectacle et \u00e9nerg\u00e9ticienne. Je suis form\u00e9e \u00e0 la sophrologie, au Reiki et je suis Moon Mother , soins du f\u00e9minin sacr\u00e9.&nbsp;Nourrie de mes voyages en Am\u00e9rique Latine et derni\u00e8rement au N\u00e9pal, c&#8217;est tout naturellement que ma passion des sons a rencontr\u00e9 ma passion pour le bien \u00eatre.&nbsp;Ce projet est la suite logique d&#8217;un chemin commenc\u00e9 il y a 20 ans.\" \/>\n<meta property=\"og:url\" content=\"https:\/\/www.laetitialeroy.com\/index.php\/bulle-sonore\/\" \/>\n<meta property=\"og:site_name\" content=\"Laetitia Leroy\" \/>\n<meta property=\"article:publisher\" content=\"http:\/\/www.facebook.com\/laetitiaenergies\" \/>\n<meta property=\"article:modified_time\" content=\"2024-12-30T10:43:18+00:00\" \/>\n<meta property=\"og:image\" content=\"https:\/\/www.laetitialeroy.com\/wp-content\/uploads\/2021\/03\/FAB_0097-681x1024.jpg\" \/>\n<meta name=\"twitter:card\" content=\"summary_large_image\" \/>\n<meta name=\"twitter:label1\" content=\"Dur\u00e9e de lecture est.\" \/>\n\t<meta name=\"twitter:data1\" content=\"1 minute\" \/>\n<script type=\"application\/ld+json\" class=\"yoast-schema-graph\">{\"@context\":\"https:\/\/schema.org\",\"@graph\":[{\"@type\":\"WebSite\",\"@id\":\"https:\/\/www.laetitialeroy.com\/#website\",\"url\":\"https:\/\/www.laetitialeroy.com\/\",\"name\":\"Laetitia Leroy\",\"description\":\"Soin \/ Accompagnement\/ Art\",\"potentialAction\":[{\"@type\":\"SearchAction\",\"target\":\"https:\/\/www.laetitialeroy.com\/?s={search_term_string}\",\"query-input\":\"required name=search_term_string\"}],\"inLanguage\":\"fr-FR\"},{\"@type\":\"ImageObject\",\"@id\":\"https:\/\/www.laetitialeroy.com\/index.php\/bulle-sonore\/#primaryimage\",\"inLanguage\":\"fr-FR\",\"url\":\"https:\/\/www.laetitialeroy.com\/wp-content\/uploads\/2021\/03\/FAB_0097-681x1024.jpg\",\"contentUrl\":\"https:\/\/www.laetitialeroy.com\/wp-content\/uploads\/2021\/03\/FAB_0097-681x1024.jpg\"},{\"@type\":\"WebPage\",\"@id\":\"https:\/\/www.laetitialeroy.com\/index.php\/bulle-sonore\/#webpage\",\"url\":\"https:\/\/www.laetitialeroy.com\/index.php\/bulle-sonore\/\",\"name\":\"Bulle Sonore - Laetitia Leroy\",\"isPartOf\":{\"@id\":\"https:\/\/www.laetitialeroy.com\/#website\"},\"primaryImageOfPage\":{\"@id\":\"https:\/\/www.laetitialeroy.com\/index.php\/bulle-sonore\/#primaryimage\"},\"datePublished\":\"2021-03-14T13:48:00+00:00\",\"dateModified\":\"2024-12-30T10:43:18+00:00\",\"breadcrumb\":{\"@id\":\"https:\/\/www.laetitialeroy.com\/index.php\/bulle-sonore\/#breadcrumb\"},\"inLanguage\":\"fr-FR\",\"potentialAction\":[{\"@type\":\"ReadAction\",\"target\":[\"https:\/\/www.laetitialeroy.com\/index.php\/bulle-sonore\/\"]}]},{\"@type\":\"BreadcrumbList\",\"@id\":\"https:\/\/www.laetitialeroy.com\/index.php\/bulle-sonore\/#breadcrumb\",\"itemListElement\":[{\"@type\":\"ListItem\",\"position\":1,\"item\":{\"@type\":\"WebPage\",\"@id\":\"https:\/\/www.laetitialeroy.com\/\",\"url\":\"https:\/\/www.laetitialeroy.com\/\",\"name\":\"Accueil\"}},{\"@type\":\"ListItem\",\"position\":2,\"item\":{\"@id\":\"https:\/\/www.laetitialeroy.com\/index.php\/bulle-sonore\/#webpage\"}}]}]}<\/script>\n<!-- \/ Yoast SEO plugin. -->","_links":{"self":[{"href":"https:\/\/www.laetitialeroy.com\/index.php\/wp-json\/wp\/v2\/pages\/420"}],"collection":[{"href":"https:\/\/www.laetitialeroy.com\/index.php\/wp-json\/wp\/v2\/pages"}],"about":[{"href":"https:\/\/www.laetitialeroy.com\/index.php\/wp-json\/wp\/v2\/types\/page"}],"author":[{"embeddable":true,"href":"https:\/\/www.laetitialeroy.com\/index.php\/wp-json\/wp\/v2\/users\/1"}],"replies":[{"embeddable":true,"href":"https:\/\/www.laetitialeroy.com\/index.php\/wp-json\/wp\/v2\/comments?post=420"}],"version-history":[{"count":3,"href":"https:\/\/www.laetitialeroy.com\/index.php\/wp-json\/wp\/v2\/pages\/420\/revisions"}],"predecessor-version":[{"id":841,"href":"https:\/\/www.laetitialeroy.com\/index.php\/wp-json\/wp\/v2\/pages\/420\/revisions\/841"}],"wp:attachment":[{"href":"https:\/\/www.laetitialeroy.com\/index.php\/wp-json\/wp\/v2\/media?parent=420"}],"curies":[{"name":"wp","href":"https:\/\/api.w.org\/{rel}","templated":true}]}}