{"id":24,"date":"2020-11-25T17:53:58","date_gmt":"2020-11-25T16:53:58","guid":{"rendered":"http:\/\/laetitialeroy.com\/?page_id=24"},"modified":"2024-12-30T11:39:15","modified_gmt":"2024-12-30T10:39:15","slug":"cercle-de-femmes-lauzerte","status":"publish","type":"page","link":"https:\/\/www.laetitialeroy.com\/index.php\/cercle-de-femmes-lauzerte\/","title":{"rendered":"Cercle de Femmes"},"content":{"rendered":"\n<p>Hiver 2017, apr\u00e8s 3 mois de voyage en Am\u00e9rique latine et une s\u00e9paration douloureuse, j&#8217;ai quitt\u00e9 mon travail et ma r\u00e9gion pour aller me ressourcer aupr\u00e8s des miens.  [Petit conseil, ne faites pas les 4 en m\u00eame temps &#8230;   m\u00eame si c&#8217;est tr\u00e8s formateur, c&#8217;est tr\u00e8s difficile ]. <\/p>\n\n\n\n<p>J&#8217;\u00e9tais en perdition: qui suis-je ? o\u00f9 vais-je ? quel est le sens de ma vie ? <\/p>\n\n\n\n<p>Vous avez peut-\u00eatre vu le film &#8220;Yes Man&#8221;, si ce n&#8217;est pas le cas, je vous le conseille vivement. J&#8217;ai d\u00e9cid\u00e9 de <strong>suivre mon instinct<\/strong> et d&#8217;essay\u00e9 tout ce qui retenait mon attention. Apr\u00e8s tout, j&#8217;avais tout perdu alors je ne risquais rien. <\/p>\n\n\n\n<p>Je me suis alors retrouv\u00e9e \u00e0 faire un voyage chamanique au tambour avec Ambre Marsili, une magnifique rencontre, et \u00e0 participer \u00e0 un <strong>cercle de femmes<\/strong> avec la bienveillante A\u00efda Asad-Dauthuille. Ce f\u00fbt pour moi une <strong>r\u00e9v\u00e9lation<\/strong> ! <br><\/p>\n\n\n\n<p>C&#8217;est ce soir-l\u00e0 que j&#8217;ai d\u00e9cid\u00e9 de devenir <strong>gardienne de cercle<\/strong> : je voulais moi aussi faciliter des cercles de femmes. <strong>La puissance, la bienveillance<\/strong> et <strong>la douceur<\/strong> qui \u00e9manait de ce cercle \u00e9tait exactement ce dont j&#8217;avais besoin. D&#8217;un coup, je n&#8217;\u00e9tais plus seule, j&#8217;avais des <strong>soeurs de lune<\/strong> !<\/p>\n\n\n\n<figure class=\"wp-block-gallery has-nested-images columns-default is-cropped wp-block-gallery-1 is-layout-flex wp-block-gallery-is-layout-flex\">\n<figure class=\"wp-block-image size-large\"><img loading=\"lazy\" decoding=\"async\" width=\"960\" height=\"967\" data-id=\"151\" src=\"https:\/\/i2.wp.com\/www.laetitialeroy.com\/wp-content\/uploads\/2021\/02\/cercle-fleur.jpg?resize=960%2C967&#038;ssl=1\" alt=\"\" class=\"wp-image-151\" srcset=\"https:\/\/i2.wp.com\/www.laetitialeroy.com\/wp-content\/uploads\/2021\/02\/cercle-fleur.jpg?resize=1017%2C1024&amp;ssl=1 1017w, https:\/\/i2.wp.com\/www.laetitialeroy.com\/wp-content\/uploads\/2021\/02\/cercle-fleur.jpg?resize=298%2C300&amp;ssl=1 298w, https:\/\/i2.wp.com\/www.laetitialeroy.com\/wp-content\/uploads\/2021\/02\/cercle-fleur.jpg?resize=150%2C150&amp;ssl=1 150w, https:\/\/i2.wp.com\/www.laetitialeroy.com\/wp-content\/uploads\/2021\/02\/cercle-fleur.jpg?resize=768%2C773&amp;ssl=1 768w, https:\/\/i2.wp.com\/www.laetitialeroy.com\/wp-content\/uploads\/2021\/02\/cercle-fleur.jpg?resize=1526%2C1536&amp;ssl=1 1526w, https:\/\/i2.wp.com\/www.laetitialeroy.com\/wp-content\/uploads\/2021\/02\/cercle-fleur.jpg?resize=1140%2C1148&amp;ssl=1 1140w, https:\/\/i2.wp.com\/www.laetitialeroy.com\/wp-content\/uploads\/2021\/02\/cercle-fleur.jpg?resize=75%2C75&amp;ssl=1 75w, https:\/\/i2.wp.com\/www.laetitialeroy.com\/wp-content\/uploads\/2021\/02\/cercle-fleur.jpg?w=1824&amp;ssl=1 1824w\" sizes=\"(max-width: 960px) 100vw, 960px\" data-recalc-dims=\"1\" \/><\/figure>\n\n\n\n<figure class=\"wp-block-image size-large\"><img loading=\"lazy\" decoding=\"async\" width=\"960\" height=\"960\" data-id=\"152\" src=\"https:\/\/i2.wp.com\/www.laetitialeroy.com\/wp-content\/uploads\/2021\/02\/cercle-automne.jpg?resize=960%2C960&#038;ssl=1\" alt=\"\" class=\"wp-image-152\" srcset=\"https:\/\/i2.wp.com\/www.laetitialeroy.com\/wp-content\/uploads\/2021\/02\/cercle-automne.jpg?resize=1024%2C1024&amp;ssl=1 1024w, https:\/\/i2.wp.com\/www.laetitialeroy.com\/wp-content\/uploads\/2021\/02\/cercle-automne.jpg?resize=300%2C300&amp;ssl=1 300w, https:\/\/i2.wp.com\/www.laetitialeroy.com\/wp-content\/uploads\/2021\/02\/cercle-automne.jpg?resize=150%2C150&amp;ssl=1 150w, https:\/\/i2.wp.com\/www.laetitialeroy.com\/wp-content\/uploads\/2021\/02\/cercle-automne.jpg?resize=768%2C768&amp;ssl=1 768w, https:\/\/i2.wp.com\/www.laetitialeroy.com\/wp-content\/uploads\/2021\/02\/cercle-automne.jpg?resize=75%2C75&amp;ssl=1 75w, https:\/\/i2.wp.com\/www.laetitialeroy.com\/wp-content\/uploads\/2021\/02\/cercle-automne.jpg?w=1080&amp;ssl=1 1080w\" sizes=\"(max-width: 960px) 100vw, 960px\" data-recalc-dims=\"1\" \/><\/figure>\n\n\n\n<figure class=\"wp-block-image size-large\"><img loading=\"lazy\" decoding=\"async\" width=\"960\" height=\"960\" data-id=\"153\" src=\"https:\/\/i1.wp.com\/www.laetitialeroy.com\/wp-content\/uploads\/2021\/02\/cercle.jpg?resize=960%2C960&#038;ssl=1\" alt=\"\" class=\"wp-image-153\" srcset=\"https:\/\/i1.wp.com\/www.laetitialeroy.com\/wp-content\/uploads\/2021\/02\/cercle.jpg?resize=1024%2C1024&amp;ssl=1 1024w, https:\/\/i1.wp.com\/www.laetitialeroy.com\/wp-content\/uploads\/2021\/02\/cercle.jpg?resize=300%2C300&amp;ssl=1 300w, https:\/\/i1.wp.com\/www.laetitialeroy.com\/wp-content\/uploads\/2021\/02\/cercle.jpg?resize=150%2C150&amp;ssl=1 150w, https:\/\/i1.wp.com\/www.laetitialeroy.com\/wp-content\/uploads\/2021\/02\/cercle.jpg?resize=768%2C768&amp;ssl=1 768w, https:\/\/i1.wp.com\/www.laetitialeroy.com\/wp-content\/uploads\/2021\/02\/cercle.jpg?resize=75%2C75&amp;ssl=1 75w, https:\/\/i1.wp.com\/www.laetitialeroy.com\/wp-content\/uploads\/2021\/02\/cercle.jpg?w=1080&amp;ssl=1 1080w\" sizes=\"(max-width: 960px) 100vw, 960px\" data-recalc-dims=\"1\" \/><\/figure>\n<\/figure>\n\n\n\n<h2 class=\"wp-block-heading has-text-align-center\"><span style=\"background-color:rgba(0, 0, 0, 0)\" class=\"has-inline-color has-vivid-cyan-blue-color\">Un cercle de femmes, c&#8217;est quoi ?<\/span><\/h2>\n\n\n\n<p>C&#8217;est un rassemblement de femmes de tout \u00e2ge, de toute culture qui se retrouvent pour c\u00e9l\u00e9brer le f\u00e9minin. <\/p>\n\n\n\n<p>Il y a autant de cercles que de gardiennes, je vais donc vous parler des miens et de ma philosophie. <\/p>\n\n\n\n<p class=\"has-text-align-center\">Les ma\u00eetres-mots sont <strong>bienveillance, confidentialit\u00e9, respect, non-jugement.<\/strong> Ces valeurs me tiennent \u00e0 coeur. <\/p>\n\n\n\n<p>C&#8217;est une <strong>bulle de douceur<\/strong> dans le quotidien, un instant suspendu qui dure en g\u00e9n\u00e9ral 2 \u00e0 3h. La notion du temps disparait&#8230;<br>C&#8217;est un <strong>cocon<\/strong> o\u00f9 chaque femme a un temps de <strong>parole<\/strong> si elle le souhaite, un temps d&#8217;\u00e9change sur des sujets tr\u00e8s vari\u00e9s mais qui r\u00e9sonnent dans nos <strong>coeurs<\/strong>. Ce n&#8217;est jamais un hasard \ud83d\ude09 <\/p>\n\n\n\n<p class=\"has-text-align-center\">Nous sommes reli\u00e9es les unes aux autres dans <strong>l&#8217;amour et l&#8217;\u00e9coute<\/strong>. <\/p>\n\n\n\n<h2 class=\"wp-block-heading has-text-align-center\"><span style=\"background-color:rgba(0, 0, 0, 0)\" class=\"has-inline-color has-vivid-cyan-blue-color\">Comment \u00e7a se passe ?<\/span><\/h2>\n\n\n\n<p>Nous commen\u00e7ons par un <strong>tour de parole<\/strong>, moment privil\u00e9gi\u00e9 o\u00f9 chacune se nomme et d\u00e9pose ce qu&#8217;elle veut. Dans la vie nous \u00e9coutons pour r\u00e9pondre mais l\u00e0 nous <strong>accueillons<\/strong> simplement la parole de l&#8217;autre. <\/p>\n\n\n\n<p>Ensuite, c&#8217;est le temps de la <strong>m\u00e9ditation<\/strong>. Soutenues par les \u00e9nergies de la <strong>lune<\/strong>, nous nous connectons \u00e0 sa lumi\u00e8re, \u00e0 sa force et \u00e0 l&#8217;\u00e9nergie de la Terre M\u00e8re, cr\u00e9ant ainsi une connexion terre\/ciel puissante et solide. <\/p>\n\n\n\n<p>Je choisis un th\u00e8me, guid\u00e9 par mon <strong>intuition<\/strong>. L&#8217;<strong>amour<\/strong> (de soi, des autres femmes du cercle, des femmes de notre entourage ou encore  de toutes les femmes du monde), <strong>le l\u00e2cher-prise, l&#8217;acceptation<\/strong> sont autant de th\u00e8mes abord\u00e9s avec nos <strong>ressentis<\/strong>. <\/p>\n\n\n\n<p class=\"has-text-align-center\"><strong>Nous c\u00e9l\u00e9brons les solstices, les \u00e9quinoxes, les pleines lunes, les nouvelles lunes &#8230;<\/strong><\/p>\n\n\n\n<p>Je dispose autour du plateau des <strong>oracles<\/strong>, ce sont pour moi des <strong>guides<\/strong>, des <strong>messages<\/strong>, qui sonnent incroyablement <strong>juste<\/strong> \u00e0 chaque fois. <\/p>\n\n\n\n<p>Nous buvons <strong>une tisane<\/strong> et <strong>partageons<\/strong> des fruits, des g\u00e2teaux que chacune \u00e0 apporter, c&#8217;est un moment tr\u00e8s <strong>chaleureux<\/strong>. <br>Id\u00e9al pour <strong>\u00e9changer<\/strong> sur nos ressentis mais aussi aborder les sujets de conversation dont nous avons besoin de parler. <\/p>\n\n\n\n<p>Passionn\u00e9e de musique, nous terminons par un <strong>moment musical intuitif<\/strong>, chacune am\u00e8ne un instrument ou je mets \u00e0 disposition les miens. <br>Bols chantants, tambour chamanique, oeufs, sensula, ocean drum se m\u00e9langent aux sons de nos voix cr\u00e9ant ainsi une parenth\u00e8se <strong>puissante et vibrante<\/strong>. <\/p>\n\n\n\n<p class=\"has-text-align-center\"><strong>On parle du f\u00e9minin et nous explorons ensemble notre f\u00e9minit\u00e9 !<\/strong><\/p>\n\n\n\n<figure class=\"wp-block-image size-large\"><img loading=\"lazy\" decoding=\"async\" width=\"960\" height=\"720\" src=\"https:\/\/i1.wp.com\/laetitialeroy.com\/wp-content\/uploads\/2020\/12\/IMG_6953-1024x768.jpg?resize=960%2C720\" alt=\"\" class=\"wp-image-122\" srcset=\"https:\/\/i1.wp.com\/www.laetitialeroy.com\/wp-content\/uploads\/2020\/12\/IMG_6953-scaled.jpg?resize=1024%2C768&amp;ssl=1 1024w, https:\/\/i1.wp.com\/www.laetitialeroy.com\/wp-content\/uploads\/2020\/12\/IMG_6953-scaled.jpg?resize=300%2C225&amp;ssl=1 300w, https:\/\/i1.wp.com\/www.laetitialeroy.com\/wp-content\/uploads\/2020\/12\/IMG_6953-scaled.jpg?resize=768%2C576&amp;ssl=1 768w, https:\/\/i1.wp.com\/www.laetitialeroy.com\/wp-content\/uploads\/2020\/12\/IMG_6953-scaled.jpg?resize=1536%2C1152&amp;ssl=1 1536w, https:\/\/i1.wp.com\/www.laetitialeroy.com\/wp-content\/uploads\/2020\/12\/IMG_6953-scaled.jpg?resize=2048%2C1536&amp;ssl=1 2048w, https:\/\/i1.wp.com\/www.laetitialeroy.com\/wp-content\/uploads\/2020\/12\/IMG_6953-scaled.jpg?resize=1140%2C855&amp;ssl=1 1140w, https:\/\/i1.wp.com\/www.laetitialeroy.com\/wp-content\/uploads\/2020\/12\/IMG_6953-scaled.jpg?w=1920&amp;ssl=1 1920w\" sizes=\"(max-width: 960px) 100vw, 960px\" data-recalc-dims=\"1\" \/><\/figure>\n\n\n\n<h2 class=\"wp-block-heading has-text-align-center\"><span style=\"background-color:rgba(0, 0, 0, 0)\" class=\"has-inline-color has-vivid-cyan-blue-color\">Quels sont les bienfaits ?<\/span><\/h2>\n\n\n\n<p>Les bienfaits sont multiples et insoup\u00e7onn\u00e9s :<\/p>\n\n\n\n<ul>\n<li>(Re)mettre au go\u00fbt du jour le lien de <strong>sororit\u00e9<\/strong> et de <strong>rituel<\/strong>. Jadis se pratiquaient les <strong>tentes rouges<\/strong>. Les femmes se rassemblent depuis toujours mais nous avons oubli\u00e9 ce <strong>savoir ancestral<\/strong>. En participant \u00e0 ces cercles, nous nous <strong>reconnectons \u00e0 cette m\u00e9moire<\/strong>. <\/li>\n\n\n\n<li><strong>La bienveillance, la transmission et le non-jugement<\/strong> sont des valeurs tr\u00e8s importantes qui nous permettent de nous sentir <strong>unies<\/strong>. Dans un monde nous poussant \u00e0 l&#8217;individualisme, il est essentiel et nourrissant de faire partie d&#8217;un groupe qui d\u00e9fend ces valeurs. <\/li>\n\n\n\n<li><strong>Mieux<\/strong> <strong>se conna\u00eetre<\/strong> et <strong>accepter<\/strong> notre caract\u00e8re sacr\u00e9, notamment notre caract\u00e8re <strong>cyclique<\/strong>. Nous n&#8217;avons pas \u00e9t\u00e9 \u00e9duqu\u00e9 en<strong> conscience<\/strong> de nos cycles. La soci\u00e9t\u00e9 patriarcale attend que nous, les femmes, soyons lin\u00e9aires dans nos \u00e9nergies, hors nous ne pouvons pas l&#8217;\u00eatre. <\/li>\n<\/ul>\n\n\n\n<p class=\"has-text-align-center\"><strong>Nous sommes des \u00eatres lunaires, nous sommes des \u00eatres cycliques et c&#8217;est une force, une puissance ! <\/strong><\/p>\n\n\n\n<ul>\n<li>Nous reconnecter \u00e0 la <strong>Terre<\/strong> et \u00e0 la <strong>Lune<\/strong><\/li>\n\n\n\n<li><strong>Panser des blessures<\/strong> f\u00e9minines ou <strong>se d\u00e9lester d&#8217;un poids<\/strong>, se<strong> lib\u00e9rer<\/strong> d&#8217;une blessure<\/li>\n<\/ul>\n\n\n\n<p class=\"has-text-align-center\">C&#8217;est un beau et sinc\u00e8re moment de partage et d&#8217;\u00e9change . <\/p>\n\n\n\n<p class=\"has-text-align-center\">[<em>J&#8217;invite toutes les femmes \u00e0 participer \u00e0 un cercle de femmes un jour<\/em>\ud83d\ude42<em> <\/em>] <\/p>\n\n\n\n<p><\/p>\n\n\n\n<p>Les cercles se d\u00e9roulent chez moi \u00e0 <strong>Lauzerte<\/strong>, dans mon salon qui est transform\u00e9 pour l&#8217;occasion. Nous sommes entre 5 et 10 femmes assises au sol sur un tapis fait de couettes, c&#8217;est <strong>confortable<\/strong>. <\/p>\n\n\n\n<p>Chacune am\u00e8ne :<\/p>\n\n\n\n<ul>\n<li>Un coussin  <\/li>\n\n\n\n<li>Une tenue blanche de pr\u00e9f\u00e9rence mais surtout confortable<\/li>\n\n\n\n<li>Une tasse<\/li>\n\n\n\n<li>Une bougie stable<\/li>\n\n\n\n<li>2 Bols si c&#8217;est une b\u00e9n\u00e9diction mondiale<\/li>\n\n\n\n<li>Un objet symbolique<\/li>\n\n\n\n<li>Une gourmandise \u00e0 partager <\/li>\n\n\n\n<li>Un petit instrument de type bol chantant , maracas &#8230;<\/li>\n\n\n\n<li>Un carnet et un stylo<\/li>\n<\/ul>\n\n\n\n<h2 class=\"wp-block-heading has-text-align-center\"><span style=\"background-color:rgba(0, 0, 0, 0)\" class=\"has-inline-color has-vivid-cyan-blue-color\">Tarif :<\/span><\/h2>\n\n\n\n<p> <strong>1<\/strong>5\u20ac \u00e0 20 \u20ac\/ personne<\/p>\n\n\n\n<p>Je pr\u00e9f\u00e8re faire des <strong>petits prix<\/strong> afin que <strong>toutes<\/strong> les femmes puissent y participer et que l&#8217;argent ne soit pas un frein. <\/p>\n\n\n\n<p>Beaucoup de soins \u00e9nerg\u00e9tiques et pratiques spirituelles co\u00fbtent chers et du coup ne sont r\u00e9serv\u00e9s qu&#8217;\u00e0 une certaine population. Je souhaite <strong>ouvrir<\/strong> ces soins et permettre \u00e0 <strong>tout le monde<\/strong> d&#8217;y participer. <\/p>\n\n\n\n<p><\/p>\n","protected":false},"excerpt":{"rendered":"<p>Hiver 2017, apr\u00e8s 3 mois de voyage en Am\u00e9rique latine et une s\u00e9paration douloureuse, j&#8217;ai quitt\u00e9 mon travail et ma r\u00e9gion pour aller me ressourcer aupr\u00e8s des miens. [Petit conseil, ne faites pas les 4 en m\u00eame temps &#8230; m\u00eame si c&#8217;est tr\u00e8s formateur, c&#8217;est tr\u00e8s difficile ]. J&#8217;\u00e9tais en perdition: qui suis-je ? o\u00f9 vais-je ? quel est le sens de ma vie ? Vous avez peut-\u00eatre vu le film &#8220;Yes Man&#8221;, si ce n&#8217;est pas le cas, je vous le conseille vivement. J&#8217;ai d\u00e9cid\u00e9 de suivre mon instinct et d&#8217;essay\u00e9 tout ce qui retenait mon attention. Apr\u00e8s tout, j&#8217;avais tout perdu alors je ne risquais rien. Je me suis alors retrouv\u00e9e \u00e0 faire un voyage chamanique au tambour avec Ambre Marsili, une magnifique rencontre, et \u00e0 participer \u00e0 un cercle de femmes avec la bienveillante A\u00efda Asad-Dauthuille. Ce f\u00fbt pour moi une r\u00e9v\u00e9lation ! C&#8217;est ce soir-l\u00e0 que j&#8217;ai d\u00e9cid\u00e9 de devenir gardienne de cercle : je voulais moi aussi faciliter des cercles de femmes. La puissance, la bienveillance et la douceur qui \u00e9manait de ce cercle \u00e9tait exactement ce dont j&#8217;avais besoin. D&#8217;un coup, je n&#8217;\u00e9tais plus seule, j&#8217;avais des soeurs de lune ! Un cercle de femmes, c&#8217;est quoi ? C&#8217;est un rassemblement de femmes de tout \u00e2ge, de toute culture qui se retrouvent pour c\u00e9l\u00e9brer le f\u00e9minin. Il y a autant de cercles que de gardiennes, je vais donc vous parler des miens et de ma philosophie. Les ma\u00eetres-mots sont bienveillance, confidentialit\u00e9, respect, non-jugement. Ces valeurs me tiennent \u00e0 coeur. C&#8217;est une bulle de douceur dans le quotidien, un instant suspendu qui dure en g\u00e9n\u00e9ral 2 \u00e0 3h. La notion du temps disparait&#8230;C&#8217;est un cocon o\u00f9 chaque femme a un temps de parole si elle le souhaite, un temps d&#8217;\u00e9change sur des sujets tr\u00e8s vari\u00e9s mais qui r\u00e9sonnent dans nos coeurs. Ce n&#8217;est jamais un hasard \ud83d\ude09 Nous sommes reli\u00e9es les unes aux autres dans l&#8217;amour et l&#8217;\u00e9coute. Comment \u00e7a se passe ? Nous commen\u00e7ons par un tour de parole, moment privil\u00e9gi\u00e9 o\u00f9 chacune se nomme et d\u00e9pose ce qu&#8217;elle veut. Dans la vie nous \u00e9coutons pour r\u00e9pondre mais l\u00e0 nous accueillons simplement la parole de l&#8217;autre. Ensuite, c&#8217;est le temps de la m\u00e9ditation. Soutenues par les \u00e9nergies de la lune, nous nous connectons \u00e0 sa lumi\u00e8re, \u00e0 sa force et \u00e0 l&#8217;\u00e9nergie de la Terre M\u00e8re, cr\u00e9ant ainsi une connexion terre\/ciel puissante et solide. Je choisis un th\u00e8me, guid\u00e9 par mon intuition. L&#8217;amour (de soi, des autres femmes du cercle, des femmes de notre entourage ou encore de toutes les femmes du monde), le l\u00e2cher-prise, l&#8217;acceptation sont autant de th\u00e8mes abord\u00e9s avec nos ressentis. Nous c\u00e9l\u00e9brons les solstices, les \u00e9quinoxes, les pleines lunes, les nouvelles lunes &#8230; Je dispose autour du plateau des oracles, ce sont pour moi des guides, des messages, qui sonnent incroyablement juste \u00e0 chaque fois. Nous buvons une tisane et partageons des fruits, des g\u00e2teaux que chacune \u00e0 apporter, c&#8217;est un moment tr\u00e8s chaleureux. Id\u00e9al pour \u00e9changer sur nos ressentis mais aussi aborder les sujets de conversation dont nous avons besoin de parler. Passionn\u00e9e de musique, nous terminons par un moment musical intuitif, chacune am\u00e8ne un instrument ou je mets \u00e0 disposition les miens. Bols chantants, tambour chamanique, oeufs, sensula, ocean drum se m\u00e9langent aux sons de nos voix cr\u00e9ant ainsi une parenth\u00e8se puissante et vibrante. On parle du f\u00e9minin et nous explorons ensemble notre f\u00e9minit\u00e9 ! Quels sont les bienfaits ? Les bienfaits sont multiples et insoup\u00e7onn\u00e9s : Nous sommes des \u00eatres lunaires, nous sommes des \u00eatres cycliques et c&#8217;est une force, une puissance ! C&#8217;est un beau et sinc\u00e8re moment de partage et d&#8217;\u00e9change . [J&#8217;invite toutes les femmes \u00e0 participer \u00e0 un cercle de femmes un jour\ud83d\ude42 ] Les cercles se d\u00e9roulent chez moi \u00e0 Lauzerte, dans mon salon qui est transform\u00e9 pour l&#8217;occasion. Nous sommes entre 5 et 10 femmes assises au sol sur un tapis fait de couettes, c&#8217;est confortable. Chacune am\u00e8ne : Tarif : 15\u20ac \u00e0 20 \u20ac\/ personne Je pr\u00e9f\u00e8re faire des petits prix afin que toutes les femmes puissent y participer et que l&#8217;argent ne soit pas un frein. Beaucoup de soins \u00e9nerg\u00e9tiques et pratiques spirituelles co\u00fbtent chers et du coup ne sont r\u00e9serv\u00e9s qu&#8217;\u00e0 une certaine population. Je souhaite ouvrir ces soins et permettre \u00e0 tout le monde d&#8217;y participer.<\/p>\n","protected":false},"author":1,"featured_media":0,"parent":0,"menu_order":0,"comment_status":"closed","ping_status":"closed","template":"","meta":{"_monsterinsights_skip_tracking":false,"_monsterinsights_sitenote_active":false,"_monsterinsights_sitenote_note":"","_monsterinsights_sitenote_category":0,"spay_email":"","footnotes":""},"yoast_head":"<!-- This site is optimized with the Yoast SEO plugin v16.4 - https:\/\/yoast.com\/wordpress\/plugins\/seo\/ -->\n<title>Cercle de Femmes - Laetitia Leroy Lauzerte calme repos<\/title>\n<meta name=\"description\" content=\"Cercle de femmes \u00e0 Lauzerte dans le 82, au coeur de la nature, un lieu calme et apaisant perch\u00e9 au bord d&#039;un magnifique village.\" \/>\n<meta name=\"robots\" content=\"index, follow, max-snippet:-1, max-image-preview:large, max-video-preview:-1\" \/>\n<link rel=\"canonical\" href=\"https:\/\/www.laetitialeroy.com\/index.php\/cercle-de-femmes-lauzerte\/\" \/>\n<meta property=\"og:locale\" content=\"fr_FR\" \/>\n<meta property=\"og:type\" content=\"article\" \/>\n<meta property=\"og:title\" content=\"Cercle de Femmes - Laetitia Leroy Lauzerte calme repos\" \/>\n<meta property=\"og:description\" content=\"Cercle de femmes \u00e0 Lauzerte dans le 82, au coeur de la nature, un lieu calme et apaisant perch\u00e9 au bord d&#039;un magnifique village.\" \/>\n<meta property=\"og:url\" content=\"https:\/\/www.laetitialeroy.com\/index.php\/cercle-de-femmes-lauzerte\/\" \/>\n<meta property=\"og:site_name\" content=\"Laetitia Leroy\" \/>\n<meta property=\"article:publisher\" content=\"http:\/\/www.facebook.com\/laetitiaenergies\" \/>\n<meta property=\"article:modified_time\" content=\"2024-12-30T10:39:15+00:00\" \/>\n<meta property=\"og:image\" content=\"https:\/\/www.laetitialeroy.com\/wp-content\/uploads\/2021\/02\/cercle-fleur-1017x1024.jpg\" \/>\n<meta name=\"twitter:card\" content=\"summary_large_image\" \/>\n<meta name=\"twitter:label1\" content=\"Dur\u00e9e de lecture est.\" \/>\n\t<meta name=\"twitter:data1\" content=\"5 minutes\" \/>\n<script type=\"application\/ld+json\" class=\"yoast-schema-graph\">{\"@context\":\"https:\/\/schema.org\",\"@graph\":[{\"@type\":\"WebSite\",\"@id\":\"https:\/\/www.laetitialeroy.com\/#website\",\"url\":\"https:\/\/www.laetitialeroy.com\/\",\"name\":\"Laetitia Leroy\",\"description\":\"Soin \/ Accompagnement\/ Art\",\"potentialAction\":[{\"@type\":\"SearchAction\",\"target\":\"https:\/\/www.laetitialeroy.com\/?s={search_term_string}\",\"query-input\":\"required name=search_term_string\"}],\"inLanguage\":\"fr-FR\"},{\"@type\":\"ImageObject\",\"@id\":\"https:\/\/www.laetitialeroy.com\/index.php\/cercle-de-femmes-lauzerte\/#primaryimage\",\"inLanguage\":\"fr-FR\",\"url\":\"https:\/\/i2.wp.com\/www.laetitialeroy.com\/wp-content\/uploads\/2021\/02\/cercle-fleur.jpg?fit=1824%2C1836&ssl=1\",\"contentUrl\":\"https:\/\/i2.wp.com\/www.laetitialeroy.com\/wp-content\/uploads\/2021\/02\/cercle-fleur.jpg?fit=1824%2C1836&ssl=1\",\"width\":1824,\"height\":1836},{\"@type\":\"WebPage\",\"@id\":\"https:\/\/www.laetitialeroy.com\/index.php\/cercle-de-femmes-lauzerte\/#webpage\",\"url\":\"https:\/\/www.laetitialeroy.com\/index.php\/cercle-de-femmes-lauzerte\/\",\"name\":\"Cercle de Femmes - Laetitia Leroy Lauzerte calme repos\",\"isPartOf\":{\"@id\":\"https:\/\/www.laetitialeroy.com\/#website\"},\"primaryImageOfPage\":{\"@id\":\"https:\/\/www.laetitialeroy.com\/index.php\/cercle-de-femmes-lauzerte\/#primaryimage\"},\"datePublished\":\"2020-11-25T16:53:58+00:00\",\"dateModified\":\"2024-12-30T10:39:15+00:00\",\"description\":\"Cercle de femmes \\u00e0 Lauzerte dans le 82, au coeur de la nature, un lieu calme et apaisant perch\\u00e9 au bord d'un magnifique village.\",\"breadcrumb\":{\"@id\":\"https:\/\/www.laetitialeroy.com\/index.php\/cercle-de-femmes-lauzerte\/#breadcrumb\"},\"inLanguage\":\"fr-FR\",\"potentialAction\":[{\"@type\":\"ReadAction\",\"target\":[\"https:\/\/www.laetitialeroy.com\/index.php\/cercle-de-femmes-lauzerte\/\"]}]},{\"@type\":\"BreadcrumbList\",\"@id\":\"https:\/\/www.laetitialeroy.com\/index.php\/cercle-de-femmes-lauzerte\/#breadcrumb\",\"itemListElement\":[{\"@type\":\"ListItem\",\"position\":1,\"item\":{\"@type\":\"WebPage\",\"@id\":\"https:\/\/www.laetitialeroy.com\/\",\"url\":\"https:\/\/www.laetitialeroy.com\/\",\"name\":\"Accueil\"}},{\"@type\":\"ListItem\",\"position\":2,\"item\":{\"@id\":\"https:\/\/www.laetitialeroy.com\/index.php\/cercle-de-femmes-lauzerte\/#webpage\"}}]}]}<\/script>\n<!-- \/ Yoast SEO plugin. -->","_links":{"self":[{"href":"https:\/\/www.laetitialeroy.com\/index.php\/wp-json\/wp\/v2\/pages\/24"}],"collection":[{"href":"https:\/\/www.laetitialeroy.com\/index.php\/wp-json\/wp\/v2\/pages"}],"about":[{"href":"https:\/\/www.laetitialeroy.com\/index.php\/wp-json\/wp\/v2\/types\/page"}],"author":[{"embeddable":true,"href":"https:\/\/www.laetitialeroy.com\/index.php\/wp-json\/wp\/v2\/users\/1"}],"replies":[{"embeddable":true,"href":"https:\/\/www.laetitialeroy.com\/index.php\/wp-json\/wp\/v2\/comments?post=24"}],"version-history":[{"count":71,"href":"https:\/\/www.laetitialeroy.com\/index.php\/wp-json\/wp\/v2\/pages\/24\/revisions"}],"predecessor-version":[{"id":838,"href":"https:\/\/www.laetitialeroy.com\/index.php\/wp-json\/wp\/v2\/pages\/24\/revisions\/838"}],"wp:attachment":[{"href":"https:\/\/www.laetitialeroy.com\/index.php\/wp-json\/wp\/v2\/media?parent=24"}],"curies":[{"name":"wp","href":"https:\/\/api.w.org\/{rel}","templated":true}]}}