{"id":21,"date":"2020-11-25T17:53:33","date_gmt":"2020-11-25T16:53:33","guid":{"rendered":"http:\/\/laetitialeroy.com\/?page_id=21"},"modified":"2024-12-30T11:42:23","modified_gmt":"2024-12-30T10:42:23","slug":"soins-de-luterus-et-de-lame","status":"publish","type":"page","link":"https:\/\/www.laetitialeroy.com\/index.php\/soins-de-luterus-et-de-lame\/","title":{"rendered":"Soins de l&#8217;ut\u00e9rus et de l&#8217;\u00e2me"},"content":{"rendered":"\n<p><\/p>\n\n\n\n<p><strong><span class=\"has-inline-color has-vivid-cyan-blue-color\">Le Soin de l\u2019ut\u00e9rus<\/span><\/strong> est un soutien, il \u00e9quilibre en douceur chaque facette de notre f\u00e9minit\u00e9 et peut \u00eatre une bonne pr\u00e9paration \u00e0 une <a href=\"http:\/\/laetitialeroy.com\/index.php\/benediction-de-luterus\/\">B\u00e9n\u00e9diction de l\u2019Ut\u00e9rus<\/a> et \u00e0 l\u2019int\u00e9gration de cette \u00e9nergie puissante. Il peut participer \u00e0 renforcer d\u2019autres pratiques alternatives. Il permet aussi apr\u00e8s une B\u00e9n\u00e9diction de l\u2019ut\u00e9rus d\u2019int\u00e9grer en douceur les transformations.<img decoding=\"async\" alt=\"\ud83c\udf19\" src=\"https:\/\/static.xx.fbcdn.net\/images\/emoji.php\/v9\/t33\/1\/16\/1f319.png\"><\/p>\n\n\n\n<p>Ce soin permet d&#8217;\u00e9quilibrer les 3 centres principaux \u00e9nerg\u00e9tiques de la femme : <\/p>\n\n\n\n<ul>\n<li>&#8220;<strong>L&#8217;\u00e9toile<\/strong>&#8221; situ\u00e9 au milieu de notre front qui va permettre de r\u00e9guler les hormones<\/li>\n\n\n\n<li>&#8220;<strong>Le Calice<\/strong>&#8221; situ\u00e9 au niveau de notre coeur qui permet d&#8217;apporter plus d&#8217;abondance et d&#8217;amour<\/li>\n\n\n\n<li>&#8220;<strong>Le chaudron<\/strong>&#8221; situ\u00e9 au niveau de notre ut\u00e9rus, centre \u00e9nerg\u00e9tique reli\u00e9 \u00e0 la Terre M\u00e8re, la spiritualit\u00e9 f\u00e9minine, la sexualit\u00e9 &#8230; <\/li>\n<\/ul>\n\n\n\n<p>Ce soin vise \u00e0 :<\/p>\n\n\n\n<ul>\n<li><strong>Soigner<\/strong> certaines facettes de nos 4 <strong>arch\u00e9types<\/strong> f\u00e9minins (la jeune fille, la m\u00e8re, l&#8217;enchanteresse , la vieille femme) <\/li>\n\n\n\n<li><strong>Activer<\/strong> et<strong> harmoniser<\/strong> les \u00e9nergies de nos arch\u00e9types, \u00e9quilibrer notre cycle menstruel <\/li>\n\n\n\n<li><strong>Activer<\/strong> les 3 centres \u00e9nerg\u00e9tiques<\/li>\n<\/ul>\n\n\n\n<p>Ce soin peut \u00eatre combin\u00e9 \u00e0 la b\u00e9n\u00e9diction de l&#8217;ut\u00e9rus &#8211; <em>WombBlessing<\/em> ou se pratiquer seul, la s\u00e9ance dure alors environ 45 minutes. <\/p>\n\n\n\n<figure class=\"wp-block-image size-large\"><img loading=\"lazy\" decoding=\"async\" width=\"960\" height=\"638\" src=\"https:\/\/i2.wp.com\/laetitialeroy.com\/wp-content\/uploads\/2021\/02\/FAB_0209-2-1024x681.jpg?resize=960%2C638\" alt=\"\" class=\"wp-image-148\" srcset=\"https:\/\/i2.wp.com\/www.laetitialeroy.com\/wp-content\/uploads\/2021\/02\/FAB_0209-2.jpg?resize=1024%2C681&amp;ssl=1 1024w, https:\/\/i2.wp.com\/www.laetitialeroy.com\/wp-content\/uploads\/2021\/02\/FAB_0209-2.jpg?resize=300%2C200&amp;ssl=1 300w, https:\/\/i2.wp.com\/www.laetitialeroy.com\/wp-content\/uploads\/2021\/02\/FAB_0209-2.jpg?resize=768%2C511&amp;ssl=1 768w, https:\/\/i2.wp.com\/www.laetitialeroy.com\/wp-content\/uploads\/2021\/02\/FAB_0209-2.jpg?w=1087&amp;ssl=1 1087w\" sizes=\"(max-width: 960px) 100vw, 960px\" data-recalc-dims=\"1\" \/><\/figure>\n\n\n\n<p><br><br><strong><span class=\"has-inline-color has-vivid-cyan-blue-color\">Le Soin de l&#8217;\u00e2me<\/span><\/strong> va plus loin que le soin de l&#8217;ut\u00e9rus. <\/p>\n\n\n\n<p>Il nous permet d&#8217;<strong>harmoniser<\/strong> nos 3 centres \u00e9nerg\u00e9tiques : le chaudron qui est l&#8217;ut\u00e9rus, le calice qui est le coeur et l&#8217;\u00e9toile qui est notre t\u00eate.<\/p>\n\n\n\n<p>Il permet d&#8217;ajouter au soin de l&#8217;ut\u00e9rus, <strong>le soin du calice et le soin de l&#8217;\u00e9toile.<\/strong> <\/p>\n\n\n\n<p><br>Le soin de l&#8217;\u00e2me, par le biais de la <strong>canalisation de la lumi\u00e8re<\/strong>  au niveau du coeur, nous connecte :<\/p>\n\n\n\n<ul>\n<li>\u00c0 notre <strong>ressenti<\/strong>, et vient <strong>soigner<\/strong> les diff\u00e9rents aspects qui nous permettent de vivre l&#8217;<strong>amour<\/strong> dans son ensemble, donner, recevoir etc.<\/li>\n\n\n\n<li>Au niveau de l&#8217;\u00e9toile, la canalisation <strong>\u00e9claire<\/strong> les facettes qui nous permettent de nous connecter puis de <strong>d\u00e9velopper<\/strong> notre<strong> intuition<\/strong>.<\/li>\n<\/ul>\n\n\n\n<p><\/p>\n\n\n\n<h2 class=\"wp-block-heading has-text-align-center\"><span style=\"background-color:rgba(0, 0, 0, 0)\" class=\"has-inline-color has-vivid-cyan-blue-color\">Les tarifs :<\/span><\/h2>\n\n\n\n<p>Soin de l&#8217;ut\u00e9rus seul :<strong> 30<\/strong>\u20ac  \/ Dur\u00e9e : 45 minutes<\/p>\n\n\n\n<p>Soin de l&#8217;\u00e2me seul : <strong>40<\/strong>\u20ac \/ Dur\u00e9e : 1h<\/p>\n\n\n\n<p><\/p>\n\n\n\n<p>Le soin se d\u00e9roule au cabinet \u00e0 Lauzerte ( 82). <br><\/p>\n\n\n\n<p><\/p>\n\n\n\n<div class=\"wp-block-buttons is-layout-flex wp-block-buttons-is-layout-flex\">\n<div class=\"wp-block-button is-style-outline\"><a class=\"wp-block-button__link has-vivid-purple-color has-white-background-color has-text-color has-background wp-element-button\" href=\"http:\/\/laetitialeroy.com\/index.php\/benediction-de-luterus\/\">Pr\u00e9c\u00e9dent : B\u00e9n\u00e9diction de l&#8217;ut\u00e9rus <\/a><\/div>\n\n\n\n<div class=\"wp-block-button is-style-outline\"><a class=\"wp-block-button__link has-vivid-purple-color has-white-background-color has-text-color has-background wp-element-button\" href=\"http:\/\/laetitialeroy.com\/index.php\/cercle-de-femmes\/\">Suivant : Cercle de femmes <\/a><\/div>\n<\/div>\n\n\n\n<p><br><\/p>\n","protected":false},"excerpt":{"rendered":"<p>Le Soin de l\u2019ut\u00e9rus est un soutien, il \u00e9quilibre en douceur chaque facette de notre f\u00e9minit\u00e9 et peut \u00eatre une bonne pr\u00e9paration \u00e0 une B\u00e9n\u00e9diction de l\u2019Ut\u00e9rus et \u00e0 l\u2019int\u00e9gration de cette \u00e9nergie puissante. Il peut participer \u00e0 renforcer d\u2019autres pratiques alternatives. Il permet aussi apr\u00e8s une B\u00e9n\u00e9diction de l\u2019ut\u00e9rus d\u2019int\u00e9grer en douceur les transformations. Ce soin permet d&#8217;\u00e9quilibrer les 3 centres principaux \u00e9nerg\u00e9tiques de la femme : Ce soin vise \u00e0 : Ce soin peut \u00eatre combin\u00e9 \u00e0 la b\u00e9n\u00e9diction de l&#8217;ut\u00e9rus &#8211; WombBlessing ou se pratiquer seul, la s\u00e9ance dure alors environ 45 minutes. Le Soin de l&#8217;\u00e2me va plus loin que le soin de l&#8217;ut\u00e9rus. Il nous permet d&#8217;harmoniser nos 3 centres \u00e9nerg\u00e9tiques : le chaudron qui est l&#8217;ut\u00e9rus, le calice qui est le coeur et l&#8217;\u00e9toile qui est notre t\u00eate. Il permet d&#8217;ajouter au soin de l&#8217;ut\u00e9rus, le soin du calice et le soin de l&#8217;\u00e9toile. Le soin de l&#8217;\u00e2me, par le biais de la canalisation de la lumi\u00e8re au niveau du coeur, nous connecte : Les tarifs : Soin de l&#8217;ut\u00e9rus seul : 30\u20ac \/ Dur\u00e9e : 45 minutes Soin de l&#8217;\u00e2me seul : 40\u20ac \/ Dur\u00e9e : 1h Le soin se d\u00e9roule au cabinet \u00e0 Lauzerte ( 82).<\/p>\n","protected":false},"author":1,"featured_media":0,"parent":0,"menu_order":0,"comment_status":"closed","ping_status":"closed","template":"","meta":{"_monsterinsights_skip_tracking":false,"_monsterinsights_sitenote_active":false,"_monsterinsights_sitenote_note":"","_monsterinsights_sitenote_category":0,"spay_email":"","footnotes":""},"yoast_head":"<!-- This site is optimized with the Yoast SEO plugin v16.4 - https:\/\/yoast.com\/wordpress\/plugins\/seo\/ -->\n<title>Soins de l&#039;ut\u00e9rus et de l&#039;\u00e2me - Laetitia Leroy<\/title>\n<meta name=\"robots\" content=\"index, follow, max-snippet:-1, max-image-preview:large, max-video-preview:-1\" \/>\n<link rel=\"canonical\" href=\"https:\/\/www.laetitialeroy.com\/index.php\/soins-de-luterus-et-de-lame\/\" \/>\n<meta property=\"og:locale\" content=\"fr_FR\" \/>\n<meta property=\"og:type\" content=\"article\" \/>\n<meta property=\"og:title\" content=\"Soins de l&#039;ut\u00e9rus et de l&#039;\u00e2me - Laetitia Leroy\" \/>\n<meta property=\"og:description\" content=\"Le Soin de l\u2019ut\u00e9rus est un soutien, il \u00e9quilibre en douceur chaque facette de notre f\u00e9minit\u00e9 et peut \u00eatre une bonne pr\u00e9paration \u00e0 une B\u00e9n\u00e9diction de l\u2019Ut\u00e9rus et \u00e0 l\u2019int\u00e9gration de cette \u00e9nergie puissante. Il peut participer \u00e0 renforcer d\u2019autres pratiques alternatives. Il permet aussi apr\u00e8s une B\u00e9n\u00e9diction de l\u2019ut\u00e9rus d\u2019int\u00e9grer en douceur les transformations. Ce soin permet d&#8217;\u00e9quilibrer les 3 centres principaux \u00e9nerg\u00e9tiques de la femme : Ce soin vise \u00e0 : Ce soin peut \u00eatre combin\u00e9 \u00e0 la b\u00e9n\u00e9diction de l&#8217;ut\u00e9rus &#8211; WombBlessing ou se pratiquer seul, la s\u00e9ance dure alors environ 45 minutes. Le Soin de l&#8217;\u00e2me va plus loin que le soin de l&#8217;ut\u00e9rus. Il nous permet d&#8217;harmoniser nos 3 centres \u00e9nerg\u00e9tiques : le chaudron qui est l&#8217;ut\u00e9rus, le calice qui est le coeur et l&#8217;\u00e9toile qui est notre t\u00eate. Il permet d&#8217;ajouter au soin de l&#8217;ut\u00e9rus, le soin du calice et le soin de l&#8217;\u00e9toile. Le soin de l&#8217;\u00e2me, par le biais de la canalisation de la lumi\u00e8re au niveau du coeur, nous connecte : Les tarifs : Soin de l&#8217;ut\u00e9rus seul : 30\u20ac \/ Dur\u00e9e : 45 minutes Soin de l&#8217;\u00e2me seul : 40\u20ac \/ Dur\u00e9e : 1h Le soin se d\u00e9roule au cabinet \u00e0 Lauzerte ( 82).\" \/>\n<meta property=\"og:url\" content=\"https:\/\/www.laetitialeroy.com\/index.php\/soins-de-luterus-et-de-lame\/\" \/>\n<meta property=\"og:site_name\" content=\"Laetitia Leroy\" \/>\n<meta property=\"article:publisher\" content=\"http:\/\/www.facebook.com\/laetitiaenergies\" \/>\n<meta property=\"article:modified_time\" content=\"2024-12-30T10:42:23+00:00\" \/>\n<meta property=\"og:image\" content=\"https:\/\/static.xx.fbcdn.net\/images\/emoji.php\/v9\/t33\/1\/16\/1f319.png\" \/>\n<meta name=\"twitter:card\" content=\"summary_large_image\" \/>\n<meta name=\"twitter:label1\" content=\"Dur\u00e9e de lecture est.\" \/>\n\t<meta name=\"twitter:data1\" content=\"2 minutes\" \/>\n<script type=\"application\/ld+json\" class=\"yoast-schema-graph\">{\"@context\":\"https:\/\/schema.org\",\"@graph\":[{\"@type\":\"WebSite\",\"@id\":\"https:\/\/www.laetitialeroy.com\/#website\",\"url\":\"https:\/\/www.laetitialeroy.com\/\",\"name\":\"Laetitia Leroy\",\"description\":\"Soin \/ Accompagnement\/ Art\",\"potentialAction\":[{\"@type\":\"SearchAction\",\"target\":\"https:\/\/www.laetitialeroy.com\/?s={search_term_string}\",\"query-input\":\"required name=search_term_string\"}],\"inLanguage\":\"fr-FR\"},{\"@type\":\"ImageObject\",\"@id\":\"https:\/\/www.laetitialeroy.com\/index.php\/soins-de-luterus-et-de-lame\/#primaryimage\",\"inLanguage\":\"fr-FR\",\"url\":\"https:\/\/static.xx.fbcdn.net\/images\/emoji.php\/v9\/t33\/1\/16\/1f319.png\",\"contentUrl\":\"https:\/\/static.xx.fbcdn.net\/images\/emoji.php\/v9\/t33\/1\/16\/1f319.png\"},{\"@type\":\"WebPage\",\"@id\":\"https:\/\/www.laetitialeroy.com\/index.php\/soins-de-luterus-et-de-lame\/#webpage\",\"url\":\"https:\/\/www.laetitialeroy.com\/index.php\/soins-de-luterus-et-de-lame\/\",\"name\":\"Soins de l'ut\\u00e9rus et de l'\\u00e2me - Laetitia Leroy\",\"isPartOf\":{\"@id\":\"https:\/\/www.laetitialeroy.com\/#website\"},\"primaryImageOfPage\":{\"@id\":\"https:\/\/www.laetitialeroy.com\/index.php\/soins-de-luterus-et-de-lame\/#primaryimage\"},\"datePublished\":\"2020-11-25T16:53:33+00:00\",\"dateModified\":\"2024-12-30T10:42:23+00:00\",\"breadcrumb\":{\"@id\":\"https:\/\/www.laetitialeroy.com\/index.php\/soins-de-luterus-et-de-lame\/#breadcrumb\"},\"inLanguage\":\"fr-FR\",\"potentialAction\":[{\"@type\":\"ReadAction\",\"target\":[\"https:\/\/www.laetitialeroy.com\/index.php\/soins-de-luterus-et-de-lame\/\"]}]},{\"@type\":\"BreadcrumbList\",\"@id\":\"https:\/\/www.laetitialeroy.com\/index.php\/soins-de-luterus-et-de-lame\/#breadcrumb\",\"itemListElement\":[{\"@type\":\"ListItem\",\"position\":1,\"item\":{\"@type\":\"WebPage\",\"@id\":\"https:\/\/www.laetitialeroy.com\/\",\"url\":\"https:\/\/www.laetitialeroy.com\/\",\"name\":\"Accueil\"}},{\"@type\":\"ListItem\",\"position\":2,\"item\":{\"@id\":\"https:\/\/www.laetitialeroy.com\/index.php\/soins-de-luterus-et-de-lame\/#webpage\"}}]}]}<\/script>\n<!-- \/ Yoast SEO plugin. -->","_links":{"self":[{"href":"https:\/\/www.laetitialeroy.com\/index.php\/wp-json\/wp\/v2\/pages\/21"}],"collection":[{"href":"https:\/\/www.laetitialeroy.com\/index.php\/wp-json\/wp\/v2\/pages"}],"about":[{"href":"https:\/\/www.laetitialeroy.com\/index.php\/wp-json\/wp\/v2\/types\/page"}],"author":[{"embeddable":true,"href":"https:\/\/www.laetitialeroy.com\/index.php\/wp-json\/wp\/v2\/users\/1"}],"replies":[{"embeddable":true,"href":"https:\/\/www.laetitialeroy.com\/index.php\/wp-json\/wp\/v2\/comments?post=21"}],"version-history":[{"count":28,"href":"https:\/\/www.laetitialeroy.com\/index.php\/wp-json\/wp\/v2\/pages\/21\/revisions"}],"predecessor-version":[{"id":840,"href":"https:\/\/www.laetitialeroy.com\/index.php\/wp-json\/wp\/v2\/pages\/21\/revisions\/840"}],"wp:attachment":[{"href":"https:\/\/www.laetitialeroy.com\/index.php\/wp-json\/wp\/v2\/media?parent=21"}],"curies":[{"name":"wp","href":"https:\/\/api.w.org\/{rel}","templated":true}]}}