{"id":13,"date":"2020-11-25T17:50:51","date_gmt":"2020-11-25T16:50:51","guid":{"rendered":"http:\/\/laetitialeroy.com\/?page_id=13"},"modified":"2024-12-30T11:40:19","modified_gmt":"2024-12-30T10:40:19","slug":"benediction-de-luterus","status":"publish","type":"page","link":"https:\/\/www.laetitialeroy.com\/index.php\/benediction-de-luterus\/","title":{"rendered":"B\u00e9n\u00e9diction de l&#8217;Ut\u00e9rus"},"content":{"rendered":"\n<p><\/p>\n\n\n\n<figure class=\"wp-block-gallery has-nested-images columns-default is-cropped wp-block-gallery-1 is-layout-flex wp-block-gallery-is-layout-flex\">\n<figure class=\"wp-block-image size-large\"><img loading=\"lazy\" decoding=\"async\" width=\"960\" height=\"638\" data-id=\"116\" src=\"https:\/\/i0.wp.com\/www.laetitialeroy.com\/wp-content\/uploads\/2020\/12\/moonmother.jpg?resize=960%2C638&#038;ssl=1\" alt=\"\" class=\"wp-image-116\" srcset=\"https:\/\/i1.wp.com\/www.laetitialeroy.com\/wp-content\/uploads\/2020\/12\/moonmother-scaled.jpg?resize=1024%2C681&amp;ssl=1 1024w, https:\/\/i1.wp.com\/www.laetitialeroy.com\/wp-content\/uploads\/2020\/12\/moonmother-scaled.jpg?resize=300%2C200&amp;ssl=1 300w, https:\/\/i1.wp.com\/www.laetitialeroy.com\/wp-content\/uploads\/2020\/12\/moonmother-scaled.jpg?resize=768%2C511&amp;ssl=1 768w, https:\/\/i1.wp.com\/www.laetitialeroy.com\/wp-content\/uploads\/2020\/12\/moonmother-scaled.jpg?resize=1536%2C1022&amp;ssl=1 1536w, https:\/\/i1.wp.com\/www.laetitialeroy.com\/wp-content\/uploads\/2020\/12\/moonmother-scaled.jpg?resize=2048%2C1363&amp;ssl=1 2048w, https:\/\/i1.wp.com\/www.laetitialeroy.com\/wp-content\/uploads\/2020\/12\/moonmother-scaled.jpg?resize=1140%2C759&amp;ssl=1 1140w, https:\/\/i1.wp.com\/www.laetitialeroy.com\/wp-content\/uploads\/2020\/12\/moonmother-scaled.jpg?w=1920&amp;ssl=1 1920w\" sizes=\"(max-width: 960px) 100vw, 960px\" data-recalc-dims=\"1\" \/><figcaption class=\"wp-element-caption\">B\u00e9n\u00e9diction de l&#8217;ut\u00e9rus <\/figcaption><\/figure>\n\n\n\n<figure class=\"wp-block-image size-large\"><img loading=\"lazy\" decoding=\"async\" width=\"960\" height=\"638\" data-id=\"138\" src=\"https:\/\/i1.wp.com\/www.laetitialeroy.com\/wp-content\/uploads\/2021\/02\/FAB_0215.jpg?resize=960%2C638&#038;ssl=1\" alt=\"\" class=\"wp-image-138\" srcset=\"https:\/\/i1.wp.com\/www.laetitialeroy.com\/wp-content\/uploads\/2021\/02\/FAB_0215.jpg?resize=1024%2C681&amp;ssl=1 1024w, https:\/\/i1.wp.com\/www.laetitialeroy.com\/wp-content\/uploads\/2021\/02\/FAB_0215.jpg?resize=300%2C200&amp;ssl=1 300w, https:\/\/i1.wp.com\/www.laetitialeroy.com\/wp-content\/uploads\/2021\/02\/FAB_0215.jpg?resize=768%2C511&amp;ssl=1 768w, https:\/\/i1.wp.com\/www.laetitialeroy.com\/wp-content\/uploads\/2021\/02\/FAB_0215.jpg?w=1087&amp;ssl=1 1087w\" sizes=\"(max-width: 960px) 100vw, 960px\" data-recalc-dims=\"1\" \/><\/figure>\n<\/figure>\n\n\n\n<p> La 1\u00e8re fois que j&#8217;ai lu ce terme, je me suis arr\u00eat\u00e9e sur le mot &#8220;B\u00e9n\u00e9diction&#8221; qui, pour moi, a forc\u00e9ment un caract\u00e8re religieux, et bien pas du tout ! C&#8217;est la traduction de <em>Blessing<\/em> mais \u00e7a n&#8217;a aucun rapport avec la religion. Puis le mot &#8220;ut\u00e9rus&#8221;, en vrai, je ne le disais pas du tout avant de devenir <strong>Moon Mother<\/strong>. Pour moi, l&#8217;ut\u00e9rus ne servait qu&#8217;\u00e0 faire des enfants, qu&#8217;\u00e0 cr\u00e9er la vie. Cela a \u00e9t\u00e9 une r\u00e9v\u00e9lation dans ma vie de femme de prendre conscience que mon ut\u00e9rus \u00e9tait un centre \u00e9nerg\u00e9tique de CR\u00c9ATION de TOUT !  Miranda Gray, qui a cr\u00e9e cette technique sp\u00e9cifiquement pour les femmes, l&#8217;appelle <strong>notre chaudron<\/strong>.  <\/p>\n\n\n\n<p>Vous avez peut-\u00eatre d\u00e9j\u00e0 entendu parler d&#8217;elle, autrice de livres incontournables dans la connaissance de nos \u00e9nergies tels que : <\/p>\n\n\n\n<ul>\n<li><em><span style=\"text-decoration: underline;\">Lune Rouge<\/span><\/em><\/li>\n\n\n\n<li><em><span style=\"text-decoration: underline;\">Femme Optimale<\/span><\/em><\/li>\n\n\n\n<li><em><span style=\"text-decoration: underline;\">L&#8217;\u00e9veil de l&#8217;\u00e9nergie f\u00e9minine<\/span><\/em><\/li>\n\n\n\n<li>&#8230;.<\/li>\n<\/ul>\n\n\n\n<h2 class=\"wp-block-heading has-text-align-center\"><span style=\"background-color:rgba(0, 0, 0, 0)\" class=\"has-inline-color has-vivid-cyan-blue-color\">Qu&#8217;est-ce que c&#8217;est la Womb Blessing ?<\/span> <\/h2>\n\n\n\n<p><\/p>\n\n\n\n<p><br>La B\u00e9n\u00e9diction de l\u2019Ut\u00e9rus aussi appel\u00e9e <em>WombBlessing<\/em> est un soin  du <strong>centre \u00e9nerg\u00e9tique<\/strong> de la femme : notre <strong>ut\u00e9rus.<\/strong><\/p>\n\n\n\n<p>C&#8217;est un magnifique chemin de <strong>transformation<\/strong> en profondeur dans la vie d\u2019une femme, en la connectant \u00e0 sa v\u00e9ritable identit\u00e9 F\u00e9minine et \u00e0 sa Spiritualit\u00e9. <\/p>\n\n\n\n<p><br>La B\u00e9n\u00e9diction de l\u2019Ut\u00e9rus est un soin \u00e0 double vertu :                                   C\u2019est \u00e0 la fois un soin qui <strong>\u00e9l\u00e8ve nos fr\u00e9quences de vibration f\u00e9minine<\/strong> en <strong>gu\u00e9rissant<\/strong> notre F\u00e9minin \u00e0 tous les niveaux : physique, \u00e9motionnel, mental et spirituel.                                                                                                                       Et c\u2019est un soin d\u2019<strong>harmonisation<\/strong> et de <strong>transformation<\/strong> qui permet des changements importants dans notre vie de femme.<img decoding=\"async\" alt=\"\u2b50\ufe0f\" src=\"https:\/\/static.xx.fbcdn.net\/images\/emoji.php\/v9\/tb4\/1\/16\/2b50.png\"><\/p>\n\n\n\n<p><strong>Amour, bienveillance et douceur<\/strong> sont les ma\u00eetres-mots de la b\u00e9n\u00e9diction. J&#8217;accorde beaucoup d&#8217;importance au cadre, au <strong>soutien<\/strong>, \u00e0 <strong>l&#8217;\u00e9coute<\/strong> et au <strong>non-jugement<\/strong>. <\/p>\n\n\n\n<p>Il apporte des changements doux mais significatifs dans la vie, plus d&#8217;<strong>assurance<\/strong>, plus d&#8217;<strong>acceptation<\/strong> et une <strong>lib\u00e9ration<\/strong> parfois vitale.<br><br><br><\/p>\n\n\n\n<p> <\/p>\n\n\n\n<h2 class=\"wp-block-heading has-text-align-center\"><span style=\"background-color:rgba(0, 0, 0, 0)\" class=\"has-inline-color has-vivid-cyan-blue-color\">Comment se passe un soin ?<\/span> <\/h2>\n\n\n<div class=\"wp-block-image\">\n<figure class=\"aligncenter size-large\"><img loading=\"lazy\" decoding=\"async\" width=\"720\" height=\"960\" src=\"https:\/\/i2.wp.com\/laetitialeroy.com\/wp-content\/uploads\/2021\/02\/bol-benediction-1.jpg?resize=720%2C960\" alt=\"\" class=\"wp-image-143\" srcset=\"https:\/\/i1.wp.com\/www.laetitialeroy.com\/wp-content\/uploads\/2021\/02\/bol-benediction-1.jpg?w=720&amp;ssl=1 720w, https:\/\/i1.wp.com\/www.laetitialeroy.com\/wp-content\/uploads\/2021\/02\/bol-benediction-1.jpg?resize=225%2C300&amp;ssl=1 225w\" sizes=\"(max-width: 720px) 100vw, 720px\" data-recalc-dims=\"1\" \/><\/figure><\/div>\n\n\n<p>Lors de la prise de rendez-vous, je vous enverrai la liste exacte des choses \u00e0 amener, notamment 2 bols, une bougie, un ch\u00e2le &#8230;<br><br>J&#8217;aime prendre le temps alors je vous invite \u00e0 en faire autant \ud83d\ude42 <\/p>\n\n\n\n<p>Souvent, je combine la b\u00e9n\u00e9diction de l&#8217;ut\u00e9rus avec un <a href=\"http:\/\/laetitialeroy.com\/index.php\/soins-de-luterus-et-de-lame\/\">soin de l&#8217;\u00e2me ou de l&#8217;ut\u00e9rus<\/a>, la s\u00e9ance dure environ 1h30\/ 2h.<\/p>\n\n\n\n<p> La lib\u00e9ration de la parole faisait partie du soin, nous \u00e9changeons autant que n\u00e9cessaire (si vous le souhaitez). <\/p>\n\n\n\n<p>Je dispose 2 bols sur un autel compos\u00e9 de mes objets symbolisant le f\u00e9minin dans sa dimension sacr\u00e9e et j&#8217;y d\u00e9pose vos bols : 1 bol avec de l&#8217;eau qui repr\u00e9sente les eaux vivantes de votre ut\u00e9rus, 1 bol avec une bougie qui repr\u00e9sente la lumi\u00e8re de votre centre \u00e9nerg\u00e9tique.<\/p>\n\n\n\n<p>La b\u00e9n\u00e9diction se pratique assis sur une chaise, les pieds bien ancr\u00e9s dans le sol, je pratique une suite de mouvements entre souffle et apposition des mains. C&#8217;est un soin tr\u00e8s <strong>doux<\/strong>. <\/p>\n\n\n\n<p>Je vous invite \u00e0 mettre une tenue qui exprime pour VOUS la f\u00e9minit\u00e9.<br><br>J&#8217;aime ajouter un tirage de carte, le jeu est choisi de mani\u00e8re intuitive, puis nous partageons une tisane en d\u00e9gustant des fruits ou des g\u00e2teaux. Manger et boire permet d&#8217;int\u00e9grer les \u00e9nergies. <\/p>\n\n\n\n<h2 class=\"wp-block-heading has-text-align-center\"><span style=\"background-color:rgba(0, 0, 0, 0)\" class=\"has-inline-color has-vivid-cyan-blue-color\">Les tarifs ?<\/span><\/h2>\n\n\n\n<p>Le tarif d\u00e9pend de la formule. <\/p>\n\n\n\n<p>B\u00e9n\u00e9diction de l&#8217;ut\u00e9rus + <a href=\"http:\/\/laetitialeroy.com\/index.php\/soins-de-luterus-et-de-lame\/\">soin de l&#8217;ut\u00e9rus<\/a> : <strong>50\u20ac<\/strong><br>B\u00e9n\u00e9diction de l&#8217;ut\u00e9rus + <a href=\"http:\/\/laetitialeroy.com\/index.php\/soins-de-luterus-et-de-lame\/\">soin de l&#8217;\u00e2me<\/a> : <strong>60\u20ac<\/strong><br><\/p>\n\n\n\n<p>B\u00e9n\u00e9diction si vous \u00eates 2 personnes : <strong>40\u20ac<\/strong> \/ personne<\/p>\n\n\n\n<p>Car oui c&#8217;est possible de partager \u00e7a avec une amie, dans ce cas l\u00e0 je ne fais pas de soin, juste la b\u00e9n\u00e9diction. <\/p>\n\n\n\n<p><\/p>\n\n\n\n<p>Je re\u00e7ois dans ma maison \u00e0 Lauzerte dans le 82  mais je peux aussi me d\u00e9placer chez vous lorsqu&#8217;il y a plusieurs personnes. Frais de d\u00e9placement en fonction du lieu. <\/p>\n\n\n\n<p><\/p>\n\n\n\n<div class=\"wp-block-buttons is-content-justification-center is-layout-flex wp-container-core-buttons-layout-1 wp-block-buttons-is-layout-flex\">\n<div class=\"wp-block-button is-style-outline\"><a class=\"wp-block-button__link has-vivid-purple-color has-white-background-color has-text-color has-background wp-element-button\" href=\"http:\/\/laetitialeroy.com\/index.php\/soins-de-luterus-et-de-lame\/\">Suivant : Soin de l&#8217;ut\u00e9rus &#8211; Soin de l&#8217;\u00e2me<\/a><\/div>\n<\/div>\n\n\n\n<p><\/p>\n","protected":false},"excerpt":{"rendered":"<p>La 1\u00e8re fois que j&#8217;ai lu ce terme, je me suis arr\u00eat\u00e9e sur le mot &#8220;B\u00e9n\u00e9diction&#8221; qui, pour moi, a forc\u00e9ment un caract\u00e8re religieux, et bien pas du tout ! C&#8217;est la traduction de Blessing mais \u00e7a n&#8217;a aucun rapport avec la religion. Puis le mot &#8220;ut\u00e9rus&#8221;, en vrai, je ne le disais pas du tout avant de devenir Moon Mother. Pour moi, l&#8217;ut\u00e9rus ne servait qu&#8217;\u00e0 faire des enfants, qu&#8217;\u00e0 cr\u00e9er la vie. Cela a \u00e9t\u00e9 une r\u00e9v\u00e9lation dans ma vie de femme de prendre conscience que mon ut\u00e9rus \u00e9tait un centre \u00e9nerg\u00e9tique de CR\u00c9ATION de TOUT ! Miranda Gray, qui a cr\u00e9e cette technique sp\u00e9cifiquement pour les femmes, l&#8217;appelle notre chaudron. Vous avez peut-\u00eatre d\u00e9j\u00e0 entendu parler d&#8217;elle, autrice de livres incontournables dans la connaissance de nos \u00e9nergies tels que : Qu&#8217;est-ce que c&#8217;est la Womb Blessing ? La B\u00e9n\u00e9diction de l\u2019Ut\u00e9rus aussi appel\u00e9e WombBlessing est un soin du centre \u00e9nerg\u00e9tique de la femme : notre ut\u00e9rus. C&#8217;est un magnifique chemin de transformation en profondeur dans la vie d\u2019une femme, en la connectant \u00e0 sa v\u00e9ritable identit\u00e9 F\u00e9minine et \u00e0 sa Spiritualit\u00e9. La B\u00e9n\u00e9diction de l\u2019Ut\u00e9rus est un soin \u00e0 double vertu : C\u2019est \u00e0 la fois un soin qui \u00e9l\u00e8ve nos fr\u00e9quences de vibration f\u00e9minine en gu\u00e9rissant notre F\u00e9minin \u00e0 tous les niveaux : physique, \u00e9motionnel, mental et spirituel. Et c\u2019est un soin d\u2019harmonisation et de transformation qui permet des changements importants dans notre vie de femme. Amour, bienveillance et douceur sont les ma\u00eetres-mots de la b\u00e9n\u00e9diction. J&#8217;accorde beaucoup d&#8217;importance au cadre, au soutien, \u00e0 l&#8217;\u00e9coute et au non-jugement. Il apporte des changements doux mais significatifs dans la vie, plus d&#8217;assurance, plus d&#8217;acceptation et une lib\u00e9ration parfois vitale. Comment se passe un soin ? Lors de la prise de rendez-vous, je vous enverrai la liste exacte des choses \u00e0 amener, notamment 2 bols, une bougie, un ch\u00e2le &#8230; J&#8217;aime prendre le temps alors je vous invite \u00e0 en faire autant \ud83d\ude42 Souvent, je combine la b\u00e9n\u00e9diction de l&#8217;ut\u00e9rus avec un soin de l&#8217;\u00e2me ou de l&#8217;ut\u00e9rus, la s\u00e9ance dure environ 1h30\/ 2h. La lib\u00e9ration de la parole faisait partie du soin, nous \u00e9changeons autant que n\u00e9cessaire (si vous le souhaitez). Je dispose 2 bols sur un autel compos\u00e9 de mes objets symbolisant le f\u00e9minin dans sa dimension sacr\u00e9e et j&#8217;y d\u00e9pose vos bols : 1 bol avec de l&#8217;eau qui repr\u00e9sente les eaux vivantes de votre ut\u00e9rus, 1 bol avec une bougie qui repr\u00e9sente la lumi\u00e8re de votre centre \u00e9nerg\u00e9tique. La b\u00e9n\u00e9diction se pratique assis sur une chaise, les pieds bien ancr\u00e9s dans le sol, je pratique une suite de mouvements entre souffle et apposition des mains. C&#8217;est un soin tr\u00e8s doux. Je vous invite \u00e0 mettre une tenue qui exprime pour VOUS la f\u00e9minit\u00e9. J&#8217;aime ajouter un tirage de carte, le jeu est choisi de mani\u00e8re intuitive, puis nous partageons une tisane en d\u00e9gustant des fruits ou des g\u00e2teaux. Manger et boire permet d&#8217;int\u00e9grer les \u00e9nergies. Les tarifs ? Le tarif d\u00e9pend de la formule. B\u00e9n\u00e9diction de l&#8217;ut\u00e9rus + soin de l&#8217;ut\u00e9rus : 50\u20acB\u00e9n\u00e9diction de l&#8217;ut\u00e9rus + soin de l&#8217;\u00e2me : 60\u20ac B\u00e9n\u00e9diction si vous \u00eates 2 personnes : 40\u20ac \/ personne Car oui c&#8217;est possible de partager \u00e7a avec une amie, dans ce cas l\u00e0 je ne fais pas de soin, juste la b\u00e9n\u00e9diction. Je re\u00e7ois dans ma maison \u00e0 Lauzerte dans le 82 mais je peux aussi me d\u00e9placer chez vous lorsqu&#8217;il y a plusieurs personnes. Frais de d\u00e9placement en fonction du lieu.<\/p>\n","protected":false},"author":1,"featured_media":0,"parent":0,"menu_order":0,"comment_status":"closed","ping_status":"closed","template":"","meta":{"_monsterinsights_skip_tracking":false,"_monsterinsights_sitenote_active":false,"_monsterinsights_sitenote_note":"","_monsterinsights_sitenote_category":0,"spay_email":"","footnotes":""},"yoast_head":"<!-- This site is optimized with the Yoast SEO plugin v16.4 - https:\/\/yoast.com\/wordpress\/plugins\/seo\/ -->\n<title>B\u00e9n\u00e9diction de l&#039;Ut\u00e9rus - Laetitia Leroy womb blessing b\u00e9n\u00e9diction ut\u00e9rus<\/title>\n<meta name=\"description\" content=\"B\u00e9n\u00e9diction de l&#039;ut\u00e9rus, Womb Blessing. Soin du f\u00e9minin sacr\u00e9 Moon Mother Toulouse Soin de l&#039;\u00e2me soin de l&#039;ut\u00e9rus\" \/>\n<meta name=\"robots\" content=\"index, follow, max-snippet:-1, max-image-preview:large, max-video-preview:-1\" \/>\n<link rel=\"canonical\" href=\"https:\/\/www.laetitialeroy.com\/index.php\/benediction-de-luterus\/\" \/>\n<meta property=\"og:locale\" content=\"fr_FR\" \/>\n<meta property=\"og:type\" content=\"article\" \/>\n<meta property=\"og:title\" content=\"B\u00e9n\u00e9diction de l&#039;Ut\u00e9rus - Laetitia Leroy womb blessing b\u00e9n\u00e9diction ut\u00e9rus\" \/>\n<meta property=\"og:description\" content=\"B\u00e9n\u00e9diction de l&#039;ut\u00e9rus, Womb Blessing. Soin du f\u00e9minin sacr\u00e9 Moon Mother Toulouse Soin de l&#039;\u00e2me soin de l&#039;ut\u00e9rus\" \/>\n<meta property=\"og:url\" content=\"https:\/\/www.laetitialeroy.com\/index.php\/benediction-de-luterus\/\" \/>\n<meta property=\"og:site_name\" content=\"Laetitia Leroy\" \/>\n<meta property=\"article:publisher\" content=\"http:\/\/www.facebook.com\/laetitiaenergies\" \/>\n<meta property=\"article:modified_time\" content=\"2024-12-30T10:40:19+00:00\" \/>\n<meta property=\"og:image\" content=\"https:\/\/www.laetitialeroy.com\/wp-content\/uploads\/2020\/12\/moonmother-1024x681.jpg\" \/>\n<meta name=\"twitter:card\" content=\"summary_large_image\" \/>\n<meta name=\"twitter:label1\" content=\"Dur\u00e9e de lecture est.\" \/>\n\t<meta name=\"twitter:data1\" content=\"4 minutes\" \/>\n<script type=\"application\/ld+json\" class=\"yoast-schema-graph\">{\"@context\":\"https:\/\/schema.org\",\"@graph\":[{\"@type\":\"WebSite\",\"@id\":\"https:\/\/www.laetitialeroy.com\/#website\",\"url\":\"https:\/\/www.laetitialeroy.com\/\",\"name\":\"Laetitia Leroy\",\"description\":\"Soin \/ Accompagnement\/ Art\",\"potentialAction\":[{\"@type\":\"SearchAction\",\"target\":\"https:\/\/www.laetitialeroy.com\/?s={search_term_string}\",\"query-input\":\"required name=search_term_string\"}],\"inLanguage\":\"fr-FR\"},{\"@type\":\"ImageObject\",\"@id\":\"https:\/\/www.laetitialeroy.com\/index.php\/benediction-de-luterus\/#primaryimage\",\"inLanguage\":\"fr-FR\",\"url\":\"https:\/\/www.laetitialeroy.com\/wp-content\/uploads\/2020\/12\/moonmother-1024x681.jpg\",\"contentUrl\":\"https:\/\/www.laetitialeroy.com\/wp-content\/uploads\/2020\/12\/moonmother-1024x681.jpg\"},{\"@type\":\"WebPage\",\"@id\":\"https:\/\/www.laetitialeroy.com\/index.php\/benediction-de-luterus\/#webpage\",\"url\":\"https:\/\/www.laetitialeroy.com\/index.php\/benediction-de-luterus\/\",\"name\":\"B\\u00e9n\\u00e9diction de l'Ut\\u00e9rus - Laetitia Leroy womb blessing b\\u00e9n\\u00e9diction ut\\u00e9rus\",\"isPartOf\":{\"@id\":\"https:\/\/www.laetitialeroy.com\/#website\"},\"primaryImageOfPage\":{\"@id\":\"https:\/\/www.laetitialeroy.com\/index.php\/benediction-de-luterus\/#primaryimage\"},\"datePublished\":\"2020-11-25T16:50:51+00:00\",\"dateModified\":\"2024-12-30T10:40:19+00:00\",\"description\":\"B\\u00e9n\\u00e9diction de l'ut\\u00e9rus, Womb Blessing. Soin du f\\u00e9minin sacr\\u00e9 Moon Mother Toulouse Soin de l'\\u00e2me soin de l'ut\\u00e9rus\",\"breadcrumb\":{\"@id\":\"https:\/\/www.laetitialeroy.com\/index.php\/benediction-de-luterus\/#breadcrumb\"},\"inLanguage\":\"fr-FR\",\"potentialAction\":[{\"@type\":\"ReadAction\",\"target\":[\"https:\/\/www.laetitialeroy.com\/index.php\/benediction-de-luterus\/\"]}]},{\"@type\":\"BreadcrumbList\",\"@id\":\"https:\/\/www.laetitialeroy.com\/index.php\/benediction-de-luterus\/#breadcrumb\",\"itemListElement\":[{\"@type\":\"ListItem\",\"position\":1,\"item\":{\"@type\":\"WebPage\",\"@id\":\"https:\/\/www.laetitialeroy.com\/\",\"url\":\"https:\/\/www.laetitialeroy.com\/\",\"name\":\"Accueil\"}},{\"@type\":\"ListItem\",\"position\":2,\"item\":{\"@id\":\"https:\/\/www.laetitialeroy.com\/index.php\/benediction-de-luterus\/#webpage\"}}]}]}<\/script>\n<!-- \/ Yoast SEO plugin. -->","_links":{"self":[{"href":"https:\/\/www.laetitialeroy.com\/index.php\/wp-json\/wp\/v2\/pages\/13"}],"collection":[{"href":"https:\/\/www.laetitialeroy.com\/index.php\/wp-json\/wp\/v2\/pages"}],"about":[{"href":"https:\/\/www.laetitialeroy.com\/index.php\/wp-json\/wp\/v2\/types\/page"}],"author":[{"embeddable":true,"href":"https:\/\/www.laetitialeroy.com\/index.php\/wp-json\/wp\/v2\/users\/1"}],"replies":[{"embeddable":true,"href":"https:\/\/www.laetitialeroy.com\/index.php\/wp-json\/wp\/v2\/comments?post=13"}],"version-history":[{"count":60,"href":"https:\/\/www.laetitialeroy.com\/index.php\/wp-json\/wp\/v2\/pages\/13\/revisions"}],"predecessor-version":[{"id":839,"href":"https:\/\/www.laetitialeroy.com\/index.php\/wp-json\/wp\/v2\/pages\/13\/revisions\/839"}],"wp:attachment":[{"href":"https:\/\/www.laetitialeroy.com\/index.php\/wp-json\/wp\/v2\/media?parent=13"}],"curies":[{"name":"wp","href":"https:\/\/api.w.org\/{rel}","templated":true}]}}